
{"id":353,"date":"2019-02-28T19:08:29","date_gmt":"2019-02-28T18:08:29","guid":{"rendered":"https:\/\/www.bios-shop.eu\/product\/der-weg-zur-inneren-harmonie\/"},"modified":"2025-12-22T16:16:02","modified_gmt":"2025-12-22T15:16:02","slug":"la-via-per-larmonia-interiore","status":"publish","type":"product","link":"https:\/\/www.bios-shop.eu\/it\/produkt\/der-weg-zur-inneren-harmonie\/","title":{"rendered":"Il cammino verso l'armonia interiore"},"content":{"rendered":"<p><span style=\"font-weight: 400;\"><\/span><\/p>\n<h2>Descrizione<\/h2>\n<h3><strong>CD 1: Il cammino verso l'armonia interiore<\/strong><\/h3>\n<p>Queste meditazioni guidate accompagnano la nostra anima alla contemplazione e ci permettono di sentire nuovamente le profondit\u00e0 della nostra anima. Attraverso l'esperienza del silenzio, ci conducono a quelle potenti immagini interiori provenienti dal centro del cuore che accompagnano efficacemente la nostra guarigione interiore nell'inconscio. Queste meditazioni con immagini archetipiche e musiche speciali ci permettono di diventare presenti, consapevoli e di guarire nel nostro cuore. L'immersione nel silenzio accompagna la conoscenza di s\u00e9, \u00e8 pratica e pu\u00f2 essere facilmente integrata nella vita quotidiana.<\/p>\n<h2 style=\"padding-top:25px;\">Contenuti<\/strong><\/h2>\n<p align=\"left\">1. riconciliazione con le nostre radici (20 min.)<br \/>\n2. la famiglia interiore: bambino interiore, donna interiore e uomo interiore uniti (28 min.)<br \/>\n<strong>Totale: 48 minuti<\/strong><\/p>\n<p><strong>Libretto del CD:\u00a0<\/strong><a href=\"https:\/\/www.bios-shop.eu\/wp-content\/uploads\/CD-Booklet_Seelenreisen-CD-1.pdf\" target=\"_blank\" rel=\"noopener\">La via dell'armonia interiore in formato PDF<\/a><\/p>\n<p>&nbsp;<\/p>","protected":false},"excerpt":{"rendered":"<p>L'armonia interiore ci fa sentire il ritmo della vita dentro di noi. Siamo liberi, aperti e in contatto con il nostro potere. Solo quando tutte le forze sono in armonia, il forte e il gentile, il femminile e il maschile, il passionale e lo spirituale, ci sentiamo in flusso con la vita e in armonia con la trasformazione della nostra esistenza.<\/p>\n<p align=\"left\"><strong>2 meditazioni guidate, totale: 48 minuti<\/strong><\/p>\n<p>ISBN: 978-3-9503085-0-1<\/p>","protected":false},"featured_media":452,"comment_status":"open","ping_status":"closed","template":"","meta":{"_acf_changed":false,"bwfblock_default_font":""},"product_brand":[],"product_cat":[101],"product_tag":[85,247,337],"class_list":{"0":"post-353","1":"product","2":"type-product","3":"status-publish","4":"has-post-thumbnail","6":"product_cat-medien","7":"product_tag-mental-und-empathietraining","8":"product_tag-persoenlichkeitsentwicklung","9":"product_tag-meditation","10":"product_shipping_class-physical-products","12":"first","13":"instock","14":"taxable","15":"shipping-taxable","16":"purchasable","17":"product-type-simple"},"bundled_by":[],"bundle_stock_status":"instock","bundle_stock_quantity":null,"bundle_virtual":false,"bundle_layout":"","bundle_add_to_cart_form_location":"","bundle_editable_in_cart":false,"bundle_sold_individually_context":"","bundle_item_grouping":"","bundle_min_size":"","bundle_max_size":"","bundle_price":[],"bundled_items":[],"bundle_sell_ids":[],"acf":[],"_links":{"self":[{"href":"https:\/\/www.bios-shop.eu\/it\/wp-json\/wp\/v2\/product\/353","targetHints":{"allow":["GET"]}}],"collection":[{"href":"https:\/\/www.bios-shop.eu\/it\/wp-json\/wp\/v2\/product"}],"about":[{"href":"https:\/\/www.bios-shop.eu\/it\/wp-json\/wp\/v2\/types\/product"}],"replies":[{"embeddable":true,"href":"https:\/\/www.bios-shop.eu\/it\/wp-json\/wp\/v2\/comments?post=353"}],"wp:featuredmedia":[{"embeddable":true,"href":"https:\/\/www.bios-shop.eu\/it\/wp-json\/wp\/v2\/media\/452"}],"wp:attachment":[{"href":"https:\/\/www.bios-shop.eu\/it\/wp-json\/wp\/v2\/media?parent=353"}],"wp:term":[{"taxonomy":"product_brand","embeddable":true,"href":"https:\/\/www.bios-shop.eu\/it\/wp-json\/wp\/v2\/product_brand?post=353"},{"taxonomy":"product_cat","embeddable":true,"href":"https:\/\/www.bios-shop.eu\/it\/wp-json\/wp\/v2\/product_cat?post=353"},{"taxonomy":"product_tag","embeddable":true,"href":"https:\/\/www.bios-shop.eu\/it\/wp-json\/wp\/v2\/product_tag?post=353"}],"curies":[{"name":"wp","href":"https:\/\/api.w.org\/{rel}","templated":true}]}}