
{"id":13413,"date":"2023-11-23T20:26:21","date_gmt":"2023-11-23T19:26:21","guid":{"rendered":"https:\/\/www.bios-shop.eu\/?post_type=product&#038;p=13413"},"modified":"2025-12-22T14:15:27","modified_gmt":"2025-12-22T13:15:27","slug":"workshop-guarire-il-gemello-perduto-un-percorso-verso-lintegrita","status":"publish","type":"product","link":"https:\/\/www.bios-shop.eu\/it\/produkt\/seminar-heilung-des-verlorenen-zwillings-ein-weg-zur-ganzheit\/","title":{"rendered":"Guarire il gemello perduto - Un percorso verso la completezza"},"content":{"rendered":"<p>Vi sentite spesso incompleti o come se steste cercando qualcosa nella vostra vita che sembra irrintracciabile?<\/p>\n<p>Avete mai avuto la sensazione che vi manchi un legame profondo o una parte di voi?<\/p>\n<p>Siete alla ricerca di risposte a domande che giacciono nel vostro passato?<\/p>\n<p>&nbsp;<\/p>\n<p>Questo seminario unico apre le porte a una dimensione poco conosciuta ma fondamentale del vostro essere: il mondo del gemello perduto.<\/p>\n<p>Si rivolge a tutti coloro che sono alla ricerca della completezza e desiderano esplorare i profondi effetti delle esperienze prenatali sulla loro vita.<\/p>\n<p>&nbsp;<\/p>\n<p>In quattro moduli, ci immergiamo in profondit\u00e0 nell'esplorazione del gemello perduto, impariamo a riconoscere i segni e i sintomi e usiamo le costellazioni sistemiche per avviare i processi di guarigione. Ad ogni passo del seminario, svilupperete una comprensione pi\u00f9 profonda degli aspetti nascosti della vostra personalit\u00e0 e apprenderete abilit\u00e0 pratiche per guarire le ferite emotive.<\/p>\n<p>Non sono richieste conoscenze preliminari, ma solo una mente aperta e la volont\u00e0 di intraprendere un viaggio trasformativo. Al termine del seminario, riceverete un certificato che riconosce le nuove conoscenze e competenze acquisite.<\/p>\n<p><strong>Volete iniziare il viaggio verso un s\u00e9 pi\u00f9 completo? <\/strong><\/p>\n<p>Allora questo seminario fa al caso vostro.<\/p>\n<p><strong>Registratevi ora e scoprite il potere curativo dell'interezza.<\/strong><\/p>\n<h2 style=\"padding-top: 25px;\">Contenuti del seminario<\/h2>\n<p>Modulo 1: Scoperta e comprensione<\/p>\n<p>Modulo 2: Memoria corporea e tracce emozionali<\/p>\n<p>Modulo 3: Approcci sistemici e lavoro di costellazione<\/p>\n<p>Modulo 4: Integrazione e trasformazione<\/p>\n<p>&nbsp;<\/p>\n<h2>Conoscenze precedenti<\/h2>\n<p>Non sono richieste conoscenze specifiche; il seminario \u00e8 aperto a terapeuti, operatori alternativi, psicologi e a chiunque sia interessato all'argomento.<\/p>\n<p>&nbsp;<\/p>\n<h2>Conferma di partecipazione<\/h2>\n<p>Al termine del seminario, i partecipanti ricevono un attestato di partecipazione che certifica le conoscenze e le competenze acquisite nell'ambito della guarigione del gemello perduto.<\/p>\n<p>Tutti i dettagli sul workshop e le date attuali sono disponibili qui.<\/p>\n<p>I partecipanti al seminario impareranno a riconoscere e risolvere i traumi prenatali profondi, ottenendo una maggiore pace interiore, un rafforzamento della fiducia di base e un miglioramento delle relazioni.<\/p>\n<h2 style=\"padding-top: 25px;\">Cosa imparerete in questo corso<\/h2>\n<ul>\n<li>Profonda comprensione delle dinamiche del gemello perduto<\/li>\n<li>Competenze per l'identificazione e il trattamento terapeutico del trauma prenatale<\/li>\n<li>Metodi di lavoro costellativo per risolvere le perdite traumatiche<\/li>\n<li>Tecniche di auto-aiuto per l'integrazione emotiva e fisica.<\/li>\n<\/ul>\n<p>&nbsp;<\/p>\n<h2>Allenatore<\/h2>\n<p>Dott.ssa. Mag. Dipl. P\u00e4d. Ernestina Mazza; autrice, conduttrice di seminari, coach e consulente sociale e di vita<\/p>\n<p>Da 20 anni accompagno le persone nel loro percorso con corsi di formazione, seminari e sessioni individuali. Nei miei libri e nei miei blog condivido con voi le mie conoscenze e il mio bagaglio di esperienze.<\/p>\n<p>Voglio sostenervi nel riconoscere la vostra unicit\u00e0 e nel vivere il vostro potenziale.<\/p>\n<p style=\"padding-top: 25px;\"><strong>Per saperne di pi\u00f9 su di me, visitate il sito:<\/strong><\/p>\n<p><a href=\"https:\/\/www.akademiebios.eu\/ernestina-mazza\/\" target=\"_blank\" rel=\"noopener\">https:\/\/www.akademiebios.eu\/ernestina-mazza\/<\/a><\/p>\n<p>&nbsp;<\/p>\n<p>&nbsp;<\/p>\n<p>&nbsp;<\/p>\n<p>&nbsp;<\/p>","protected":false},"excerpt":{"rendered":"<p>Questo seminario \u00e8 rivolto a tutti coloro che sono alla ricerca dell'interezza e vogliono esplorare i profondi effetti delle esperienze prenatali sulla loro vita.<\/p>","protected":false},"featured_media":13422,"comment_status":"open","ping_status":"closed","template":"","meta":{"_acf_changed":false,"bwfblock_default_font":""},"product_brand":[],"product_cat":[102],"product_tag":[247],"class_list":{"0":"post-13413","1":"product","2":"type-product","3":"status-publish","4":"has-post-thumbnail","6":"product_cat-kurse","7":"product_tag-persoenlichkeitsentwicklung","9":"first","10":"instock","11":"virtual","12":"taxable","13":"purchasable","14":"product-type-simple"},"bundled_by":[],"bundle_stock_status":"instock","bundle_stock_quantity":null,"bundle_virtual":false,"bundle_layout":"","bundle_add_to_cart_form_location":"","bundle_editable_in_cart":false,"bundle_sold_individually_context":"","bundle_item_grouping":"","bundle_min_size":"","bundle_max_size":"","bundle_price":[],"bundled_items":[],"bundle_sell_ids":[],"acf":[],"_links":{"self":[{"href":"https:\/\/www.bios-shop.eu\/it\/wp-json\/wp\/v2\/product\/13413","targetHints":{"allow":["GET"]}}],"collection":[{"href":"https:\/\/www.bios-shop.eu\/it\/wp-json\/wp\/v2\/product"}],"about":[{"href":"https:\/\/www.bios-shop.eu\/it\/wp-json\/wp\/v2\/types\/product"}],"replies":[{"embeddable":true,"href":"https:\/\/www.bios-shop.eu\/it\/wp-json\/wp\/v2\/comments?post=13413"}],"wp:featuredmedia":[{"embeddable":true,"href":"https:\/\/www.bios-shop.eu\/it\/wp-json\/wp\/v2\/media\/13422"}],"wp:attachment":[{"href":"https:\/\/www.bios-shop.eu\/it\/wp-json\/wp\/v2\/media?parent=13413"}],"wp:term":[{"taxonomy":"product_brand","embeddable":true,"href":"https:\/\/www.bios-shop.eu\/it\/wp-json\/wp\/v2\/product_brand?post=13413"},{"taxonomy":"product_cat","embeddable":true,"href":"https:\/\/www.bios-shop.eu\/it\/wp-json\/wp\/v2\/product_cat?post=13413"},{"taxonomy":"product_tag","embeddable":true,"href":"https:\/\/www.bios-shop.eu\/it\/wp-json\/wp\/v2\/product_tag?post=13413"}],"curies":[{"name":"wp","href":"https:\/\/api.w.org\/{rel}","templated":true}]}}