
{"id":7595,"date":"2019-12-27T01:54:00","date_gmt":"2019-12-27T00:54:00","guid":{"rendered":"https:\/\/www.bios-shop.eu\/?page_id=7595"},"modified":"2019-12-27T03:20:20","modified_gmt":"2019-12-27T02:20:20","slug":"consegna-in-libreria","status":"publish","type":"page","link":"https:\/\/www.bios-shop.eu\/it\/buchhandel-auslieferung\/","title":{"rendered":"Commercio e consegna di libri"},"content":{"rendered":"<h2 class=\"wp-block-heading\">Condizioni per il commercio del libro<\/h2>\n\n\n\n<p>Concediamo al commercio librario le consuete condizioni del commercio librario di <strong>30% Sconto su ordini singoli<\/strong> (pi\u00f9 le spese di spedizione). Se almeno quattro dei nostri libri (con almeno 2 pezzi ciascuno) vengono presi in consegna e <strong>essere esposti in libreria<\/strong>, siamo lieti di cancellare <strong>40% Sconto commerciale<\/strong> su. <\/p>\n\n\n\n<p>La restituzione \u00e8 sempre possibile, purch\u00e9 i libri siano in ottime condizioni.<br><\/p>\n\n\n\n<h2 class=\"wp-block-heading\">Consegna DACH<\/h2>\n\n\n\n<p><strong>Consegna per Germania, Austria e Svizzera: <\/strong><br>Artha Book Service \/ Distribuzione editoriale<br>Persona di contatto: Rolf Mihm<br>Gr\u00fcntenseestr. 42<br>87466 Oy-Mittelberg<br>Germania<br>Telefono: +49 8361 8031<br>Ordine via e-mail: <a href=\"mailto:va@artha.de\">va@artha.de<\/a><br><\/p>\n\n\n\n<h2 class=\"wp-block-heading\">Percorsi di consegna e costi di spedizione<\/h2>\n\n\n\n<p><strong>Per la Germania e l'Austria:<\/strong><br>Il nostro servizio di consegna Artha Buchdienst consegna i nostri libri attraverso i carrelli di KNV, Libri, Umbreit e Morawa ai soliti prezzi al chilo. <\/p>\n\n\n\n<p>In alternativa, offriamo anche la consegna tramite posta (DE\/AT), DHL e DPD; le spese di spedizione sono a carico della libreria in base alle spese. Queste ammontano a circa 4,30 \u20ac a seconda delle dimensioni dell'ordine.<\/p>\n\n\n\n<p><strong>Per la Svizzera:<\/strong><br>Le librerie svizzere possono ordinare i nostri libri direttamente dal Centro Svizzero del Libro, a cui \u00e8 affiliato il nostro agente di consegna Artha.<\/p>","protected":false},"excerpt":{"rendered":"<p>Konditionen f\u00fcr den Buchhandel Wir gew\u00e4hren dem Buchhandel die \u00fcblichen Buchhandelskonditionen von 30% Rabatt auf Einzelbestellungen (zzgl. Porto). Wenn mindestens vier unserer B\u00fccher (mit mind. jew. 2 St\u00fcck) auf Kommission genommen werden und in der Auslage der Buchhandlung aufliegen, r\u00e4umen wir gerne 40% Buchhandelsrabatt ein. Remissionen sind bei uns immer m\u00f6glich, solange die B\u00fccher in [&#8230;]\n","protected":false},"author":2,"featured_media":0,"parent":0,"menu_order":0,"comment_status":"closed","ping_status":"closed","template":"","meta":{"_acf_changed":false,"bwfblock_default_font":"","footnotes":""},"class_list":["post-7595","page","type-page","status-publish","hentry"],"acf":[],"_links":{"self":[{"href":"https:\/\/www.bios-shop.eu\/it\/wp-json\/wp\/v2\/pages\/7595","targetHints":{"allow":["GET"]}}],"collection":[{"href":"https:\/\/www.bios-shop.eu\/it\/wp-json\/wp\/v2\/pages"}],"about":[{"href":"https:\/\/www.bios-shop.eu\/it\/wp-json\/wp\/v2\/types\/page"}],"author":[{"embeddable":true,"href":"https:\/\/www.bios-shop.eu\/it\/wp-json\/wp\/v2\/users\/2"}],"replies":[{"embeddable":true,"href":"https:\/\/www.bios-shop.eu\/it\/wp-json\/wp\/v2\/comments?post=7595"}],"version-history":[{"count":0,"href":"https:\/\/www.bios-shop.eu\/it\/wp-json\/wp\/v2\/pages\/7595\/revisions"}],"wp:attachment":[{"href":"https:\/\/www.bios-shop.eu\/it\/wp-json\/wp\/v2\/media?parent=7595"}],"curies":[{"name":"wp","href":"https:\/\/api.w.org\/{rel}","templated":true}]}}