
{"id":318,"date":"2018-11-15T12:48:15","date_gmt":"2018-11-15T12:48:15","guid":{"rendered":"https:\/\/www.bios-shop.eu\/widerrufsbelehrung\/"},"modified":"2020-07-06T16:11:03","modified_gmt":"2020-07-06T15:11:03","slug":"revoca-2","status":"publish","type":"page","link":"https:\/\/www.bios-shop.eu\/it\/widerruf\/","title":{"rendered":"Revoca"},"content":{"rendered":"<p>I consumatori hanno diritto di recesso in base alle seguenti disposizioni, secondo le quali \u00e8 consumatore qualsiasi persona fisica che conclude un negozio giuridico per scopi che non possono essere prevalentemente attribuiti n\u00e9 alla sua attivit\u00e0 commerciale n\u00e9 alla sua attivit\u00e0 professionale indipendente:<br><\/p>\n\n\n\n<h2 class=\"wp-block-heading\">A. Politica di cancellazione per i consumatori<\/h2>\n\n\n\n<h3 class=\"wp-block-heading\">Diritto di recesso<\/h3>\n\n\n\n<p>Queste disposizioni si applicano esclusivamente ai clienti che sono consumatori ai sensi del KSchG.<\/p>\n\n\n\n<p><strong>Garantiamo a tutti i nostri clienti di Austria, Germania, Svizzera, Italia, Francia, Belgio, Lichtenstein e Lussemburgo&nbsp;<\/strong><strong>il diritto di recedere dal presente contratto&nbsp;<\/strong><strong>entro quattordici giorni, senza indicarne i motivi (diritto di recesso previsto dalla legge).<\/strong><\/p>\n\n\n\n<p>Il periodo di recesso \u00e8 di quattordici giorni dal giorno in cui il cliente o un terzo da lui nominato, che non sia il vettore, ha preso o ha preso possesso dell'ultima merce.<\/p>\n\n\n\n<p>Per esercitare il diritto di recesso, l'utente \u00e8 tenuto a informarci (akademie bios - Dr. Ernestina Mazza OG, Bergmanngasse 46\/1\/2, 8010 Graz, Austria, Tel.: +43 699 1 777 9 111, e-mail: info@akademiebios.eu) mediante una dichiarazione chiara (ad esempio una lettera o un'e-mail inviata per posta) della sua decisione di recedere dal presente contratto. A tal fine \u00e8 possibile utilizzare il modello di modulo di recesso allegato, che tuttavia non \u00e8 obbligatorio.<\/p>\n\n\n\n<p>Per rispettare il termine di cancellazione, \u00e8 sufficiente che l'utente invii la notifica dell'esercizio del diritto di cancellazione prima della scadenza del periodo di cancellazione.<\/p>\n\n\n\n<h3 class=\"wp-block-heading\">Conseguenze della revoca<\/h3>\n\n\n\n<p>Se Lei recede dal presente contratto, dobbiamo rimborsarLe tutti i pagamenti che abbiamo ricevuto da Lei, compresi i costi di consegna (ad eccezione dei costi aggiuntivi derivanti dal fatto che Lei ha scelto un tipo di consegna diverso dalla consegna standard pi\u00f9 economica da noi offerta), senza indugio e al pi\u00f9 tardi entro quattordici giorni dal giorno in cui abbiamo ricevuto la notifica del Suo recesso dal presente contratto. Per il rimborso, utilizzeremo lo stesso mezzo di pagamento utilizzato per la transazione originaria, a meno che non sia stato espressamente concordato diversamente con voi; in nessun caso vi sar\u00e0 addebitato un costo per il rimborso. Potremo rifiutare il rimborso finch\u00e9 non avremo ricevuto la merce o finch\u00e9 il cliente non avr\u00e0 fornito la prova di averla restituita, a seconda di quale situazione si verifichi per prima.<\/p>\n\n\n\n<p>Dovete restituire o consegnare la merce a noi o ad Artha Verlagsauslieferung, Gr\u00fcntenseestr. 42, 87466, Oy-Mittelberg \/ Haslach, Germania senza indugio e in ogni caso non oltre quattordici giorni dal giorno in cui ci avete comunicato la revoca del presente contratto. Il termine \u00e8 rispettato se la merce viene spedita prima della scadenza del periodo di quattordici giorni.<\/p>\n\n\n\n<p><strong>I costi della spedizione di ritorno sono a carico del cliente se la merce consegnata corrisponde a quella ordinata, se la merce \u00e8 stata consegnata in perfette condizioni e se il prezzo dell'articolo da restituire non supera l'importo di 40 euro.<\/strong>&nbsp;In caso contrario, la restituzione \u00e8 gratuita per voi. In questo caso, vi preghiamo di contattarci.<\/p>\n\n\n\n<p>Gli obblighi di rimborso dei pagamenti devono essere adempiuti entro 30 giorni. Il termine inizia per voi con la spedizione della vostra comunicazione di cancellazione o dell'articolo, per noi con la sua ricezione.<\/p>\n\n\n\n<p>Il cliente \u00e8 tenuto a pagare l'eventuale perdita di valore della merce solo se tale perdita di valore \u00e8 dovuta a una manipolazione della merce non necessaria per testare la qualit\u00e0, le caratteristiche e il funzionamento della stessa.<\/p>\n\n\n\n<h3 class=\"wp-block-heading\">Esclusione o scadenza anticipata del diritto di recesso<\/h3>\n\n\n\n<p>Non sussiste alcun diritto di recesso o annullamento ai sensi del KSchG nel caso di giornali, riviste e riviste, e in particolare nel caso di contratti per la consegna di registrazioni audio o video in un pacchetto sigillato se il sigillo \u00e8 stato rimosso dopo la consegna.<\/p>\n\n\n\n<p><strong>L'iscrizione a seminari, conferenze e corsi non comporta alcun diritto di recesso.&nbsp;<\/strong>Se desiderate cancellare le iscrizioni vincolanti a formazioni o corsi, siete pregati di osservare le nostre condizioni di cancellazione per formazioni, seminari, supervisioni e accompagnamento individuale nel sito&nbsp;<a href=\"https:\/\/www.bios-shop.eu\/it\/agb\/\">AGB<\/a>.<\/p>\n\n\n\n<p><strong>Il diritto di recesso scade anticipatamente per i contratti di fornitura di contenuti digitali<\/strong>se abbiamo iniziato l'esecuzione del contratto dopo che avete espressamente concordato di iniziare l'esecuzione del contratto prima della scadenza del periodo di recesso e ci avete confermato di essere a conoscenza del fatto che perdete il diritto di recesso con il vostro consenso all'inizio dell'esecuzione del contratto. <\/p>\n\n\n\n<h3 class=\"wp-block-heading\">Note generali<\/h3>\n\n\n\n<p>1)&nbsp;<strong>Si prega di evitare di danneggiare e contaminare la merce.&nbsp;<\/strong>Si prega di restituire la merce nella confezione originale con tutti gli accessori e con tutti i componenti dell'imballaggio. Se necessario, utilizzare un imballaggio esterno protettivo. Se non si dispone pi\u00f9 dell'imballaggio originale, si prega di utilizzare un imballaggio adeguato per garantire una protezione adeguata contro i danni da trasporto.<br>2)&nbsp;<strong>Si prega di non restituire la merce in porto assegnato.<\/strong>&nbsp;Se desiderate che vi vengano rimborsate le spese di spedizione, cosa possibile solo se il valore della merce supera i 40 euro o se la merce \u00e8 difettosa, vi preghiamo di comunicarcelo e di fornirci le vostre coordinate bancarie. Provvederemo a trasferirvi le spese di spedizione abituali.<br>3) Si prega di notare che i suddetti punti 1-2 non sono un prerequisito per l'effettivo esercizio del diritto di recesso.<br><br><\/p>\n\n\n\n<h2 class=\"wp-block-heading\">B. Modulo di ritiro<\/h2>\n\n\n\n<p>Se si desidera annullare il contratto, si prega di copiare il testo sottostante in un'e-mail, compilare i campi vuoti, inviare questa e-mail e restituire la merce prepagata:<\/p>\n\n\n\n<p>A<\/p>\n\n\n\n<p>biografia dell'accademia - Dr. Ernestina Mazza OG<br>Bergmanngasse 46\/1\/2<br>8010 Graz<br>Austria<br>E-mail: info@akademiebios.eu<\/p>\n\n\n\n<p>Io\/noi (*) con la presente revoca il contratto da me\/noi (*) stipulato per l'acquisto dei seguenti beni (*)\/la fornitura del seguente servizio (*)<\/p>\n\n\n\n<p>_______________________________________________________<\/p>\n\n\n\n<p>_______________________________________________________<\/p>\n\n\n\n<p>Ordinato il (*) ____________ \/ ricevuto il (*) __________________<\/p>\n\n\n\n<p>________________________________________________________<br>Nome del\/i consumatore\/i<\/p>\n\n\n\n<p>________________________________________________________<br>Indirizzo del\/i consumatore\/i<\/p>\n\n\n\n<p>________________________________________________________<br>Firma del\/i consumatore\/i (solo in caso di notifica su carta)<\/p>\n\n\n\n<p>_________________________<br>Data<\/p>\n\n\n\n<p>(*) Cancellare la dicitura non pertinente<\/p>","protected":false},"excerpt":{"rendered":"<p>Verbrauchern steht ein Widerrufsrecht nach folgender Ma\u00dfgabe zu, wobei Verbraucher jede nat\u00fcrliche Person ist, die ein Rechtsgesch\u00e4ft zu Zwecken abschlie\u00dft, die \u00fcberwiegend weder ihrer gewerblichen noch ihrer selbst\u00e4ndigen beruflichen T\u00e4tigkeit zugerechnet werden k\u00f6nnen: A. Widerrufsbelehrung f\u00fcr Verbraucher Widerrufsrecht Diese Bestimmungen gelten ausschlie\u00dflich f\u00fcr Kunden, die Verbraucher im Sinne des KSchG sind. Wir gew\u00e4hren allen unseren [&#8230;]\n","protected":false},"author":1,"featured_media":0,"parent":0,"menu_order":0,"comment_status":"closed","ping_status":"closed","template":"","meta":{"_acf_changed":false,"bwfblock_default_font":"","footnotes":""},"class_list":["post-318","page","type-page","status-publish","hentry"],"acf":[],"_links":{"self":[{"href":"https:\/\/www.bios-shop.eu\/it\/wp-json\/wp\/v2\/pages\/318","targetHints":{"allow":["GET"]}}],"collection":[{"href":"https:\/\/www.bios-shop.eu\/it\/wp-json\/wp\/v2\/pages"}],"about":[{"href":"https:\/\/www.bios-shop.eu\/it\/wp-json\/wp\/v2\/types\/page"}],"author":[{"embeddable":true,"href":"https:\/\/www.bios-shop.eu\/it\/wp-json\/wp\/v2\/users\/1"}],"replies":[{"embeddable":true,"href":"https:\/\/www.bios-shop.eu\/it\/wp-json\/wp\/v2\/comments?post=318"}],"version-history":[{"count":0,"href":"https:\/\/www.bios-shop.eu\/it\/wp-json\/wp\/v2\/pages\/318\/revisions"}],"wp:attachment":[{"href":"https:\/\/www.bios-shop.eu\/it\/wp-json\/wp\/v2\/media?parent=318"}],"curies":[{"name":"wp","href":"https:\/\/api.w.org\/{rel}","templated":true}]}}