
{"id":14872,"date":"2024-11-07T20:17:22","date_gmt":"2024-11-07T19:17:22","guid":{"rendered":"https:\/\/www.bios-shop.eu\/?post_type=product&#038;p=14872"},"modified":"2025-12-22T15:36:05","modified_gmt":"2025-12-22T14:36:05","slug":"accompagnement-de-la-grossesse","status":"publish","type":"product","link":"https:\/\/www.bios-shop.eu\/fr\/produkt\/schwangerschaftsbegleitung\/","title":{"rendered":"Accompagnement psychologique et \u00e9nerg\u00e9tique pendant la grossesse et l'accouchement"},"content":{"rendered":"<div><\/div>\n<div>Les diff\u00e9rents modules permettent d'acqu\u00e9rir des connaissances th\u00e9oriques et pratiques sur les th\u00e8mes cl\u00e9s de la grossesse, de l'accouchement et de la maternit\u00e9. Ces connaissances permettent aux participant(e)s de soutenir leur client\u00e8le avec empathie et succ\u00e8s pendant cette p\u00e9riode passionnante. Le programme d'exercices offre \u00e9galement une base parfaite pour le travail personnel \u00e0 la maison : les dipl\u00f4m\u00e9(e)s ont la possibilit\u00e9 de prendre soin d'eux-m\u00eames de mani\u00e8re autonome et de renforcer ainsi leur \u00e9tat \u00e9nerg\u00e9tique et psychique.<\/div>\n<div><\/div>\n<div>Chaque module de la formation comprend un th\u00e8me central sp\u00e9cifique - comme par exemple la signification de la grossesse, le r\u00f4le de la m\u00e8re et de l'enfant ainsi que le ph\u00e9nom\u00e8ne de la naissance. Chaque th\u00e8me central est pr\u00e9sent\u00e9 d'un point de vue psychologique, syst\u00e9mique et \u00e9nerg\u00e9tique, en combinaison avec des connaissances issues du chamanisme ainsi que de la m\u00e9decine traditionnelle chinoise et de la th\u00e9orie des chakras. Les participants obtiennent ainsi un aper\u00e7u large, fond\u00e9 et approfondi de ces domaines. Les connaissances th\u00e9oriques sont compl\u00e9t\u00e9es par la transmission de s\u00e9quences de traitement efficaces qui couvrent les besoins les plus divers des femmes : ainsi, des rituels et des exercices corporels issus des traditions tao\u00efste et du qigong sont pr\u00e9sent\u00e9s, qui am\u00e9liorent durablement et en tr\u00e8s peu de temps l'\u00e9tat physique, psychique et \u00e9nerg\u00e9tique des femmes.<\/div>\n<div><\/div>\n<div>\n<h2>Contenu<\/h2>\n<h3>Module 1 : Comprendre la grossesse et l'accompagner avec amour<\/h3>\n<ul type=\"disc\">\n<li>Introduction \u00e0 la vision \u00e9nerg\u00e9tique, chamanique, psychologique et MTC de la naissance et de l'accouchement<\/li>\n<li>Discussion sur la grossesse comme force de transformation<\/li>\n<li>La grossesse comme force de transformation : naissance et accouchement du point de vue \u00e9nerg\u00e9tique, chamanique, psychologique et de la MTC<\/li>\n<li>Exercices, traitements \u00e9nerg\u00e9tiques, rituels, exercices de relaxation et m\u00e9ditations guid\u00e9es pour une perception consciente de son propre corps pendant la grossesse et l'accouchement<\/li>\n<\/ul>\n<h3>Module 2 : Conscience et perception corporelle<\/h3>\n<ul type=\"disc\">\n<li>Exercices pour une perception consciente de son propre corps pendant la grossesse.<\/li>\n<li>Exercices de relaxation et m\u00e9ditations guid\u00e9es pour les femmes enceintes.<\/li>\n<\/ul>\n<h3>Module 3 : Renforcement des ressources int\u00e9rieures<\/h3>\n<ul type=\"disc\">\n<li>Rituels et techniques de gu\u00e9rison chamaniques pour se pr\u00e9parer \u00e0 la grossesse.<\/li>\n<li>M\u00e9thodes d'autotraitement pour renforcer les ressources int\u00e9rieures.<\/li>\n<\/ul>\n<h3>Module 4 : Premi\u00e8re phase de la grossesse - Arriver et comprendre<\/h3>\n<ul type=\"disc\">\n<li>Introduction \u00e0 la grossesse en tant que force de transformation \u00e0 partir de diff\u00e9rentes perspectives culturelles et m\u00e9dicales.<\/li>\n<li>Exercices et m\u00e9ditations guid\u00e9es pour une prise de conscience du corps et l'acceptation des premiers changements.<\/li>\n<li>Rituels et traitements \u00e9nerg\u00e9tiques pour renforcer les fondations physiques et \u00e9motionnelles pour les mois \u00e0 venir.<\/li>\n<li>D\u00e9but du travail ancestral pour activer les liens de soutien et la force pour la grossesse.<\/li>\n<\/ul>\n<h3>Module 5 : Deuxi\u00e8me phase de la grossesse - croissance et attachement<\/h3>\n<ul type=\"disc\">\n<li>Approfondissement des exercices de perception du corps avec un accent sur le lien avec l'enfant en croissance.<\/li>\n<li>Rituels et m\u00e9ditations sp\u00e9cifiques pour le milieu de la grossesse, afin de renforcer le lien avec l'enfant et de consolider son propre centre.<\/li>\n<li>Poursuite du travail sur les anc\u00eatres et int\u00e9gration de techniques de gu\u00e9rison chamaniques pour la pr\u00e9paration \u00e0 la naissance.<\/li>\n<li>des exercices de yoga et de qigong pour soutenir la transformation physique croissante et maintenir une sensation de force \"fluide\".<\/li>\n<\/ul>\n<h3>Module 6 : Troisi\u00e8me phase de la grossesse - pr\u00e9paration \u00e0 l'accouchement<\/h3>\n<ul type=\"disc\">\n<li>Le processus de naissance comme autorisation personnelle<\/li>\n<li>Maternit\u00e9 : soutenir \u00e9nerg\u00e9tiquement le processus d'attachement au nouveau-n\u00e9<\/li>\n<li>Focalisation sur la pr\u00e9paration \u00e9nerg\u00e9tique au processus de naissance comme acte d'autonomisation personnelle.<\/li>\n<li>M\u00e9ditations et visualisations avanc\u00e9es pour les derni\u00e8res semaines avant l'accouchement, afin de favoriser le calme et la confiance.<\/li>\n<li>Rituels finaux et traitements \u00e9nerg\u00e9tiques qui pr\u00e9parent \u00e0 la naissance et \u00e0 la maternit\u00e9 \u00e0 venir.<\/li>\n<li>Le processus de naissance en tant qu'habilitation personnelle.<\/li>\n<li>Soutien \u00e9nerg\u00e9tique du processus d'attachement au nouveau-n\u00e9.<\/li>\n<li>Exercices sp\u00e9cifiques de yoga et de qigong pour renforcer le corps et l'esprit en vue de l'accouchement.<\/li>\n<\/ul>\n<h3>Module 7 : Travail sur les anc\u00eatres pendant la grossesse<\/h3>\n<ul type=\"disc\">\n<li>Techniques de travail ancestral comme ressource pendant la grossesse et l'accouchement.<\/li>\n<\/ul>\n<h3>Module 8 : Yoga et Qigong pour une grossesse vigoureuse<\/h3>\n<ul type=\"disc\">\n<li>Exercices de yoga et de qigong pour renforcer le corps.<\/li>\n<li>Exercices tao\u00efstes et mudras pour cr\u00e9er une protection stable.<\/li>\n<\/ul>\n<h3>Module 9 : Accompagnement \u00e9nerg\u00e9tique postnatal<\/h3>\n<ul type=\"disc\">\n<li>Traitements \u00e9nerg\u00e9tiques et rituels pour le d\u00e9but de la maternit\u00e9.<\/li>\n<li>Exercices et m\u00e9ditations pour accompagner les processus de changement dans le corps apr\u00e8s la naissance.<\/li>\n<li>Traitements \u00e9nerg\u00e9tiques, exercices et rituels pour commencer la maternit\u00e9 avec \u00e9quilibre int\u00e9rieur et force<\/li>\n<li>Traitements \u00e9nerg\u00e9tiques, exercices, rituels et m\u00e9ditations pour accompagner et soutenir les processus de changement dans le corps apr\u00e8s la naissance dans leur d\u00e9roulement naturel.<\/li>\n<\/ul>\n<h3>Module 10 : renforcer le lien entre la m\u00e8re et l'enfant<\/h3>\n<ul>\n<li>Exercices, rituels, m\u00e9ditations, techniques d'entra\u00eenement mental pour renforcer le lien entre la m\u00e8re et l'enfant<\/li>\n<li>des exercices de relaxation, des images int\u00e9rieures et des voyages imaginaires pour se d\u00e9tendre, favoriser la s\u00e9r\u00e9nit\u00e9 et renforcer la force physique et psychique<\/li>\n<li>Soutien \u00e9nerg\u00e9tique en cas de d\u00e9roulement traumatique de l'accouchement ainsi que des exercices, des traitements \u00e9nerg\u00e9tiques et des rituels pour favoriser la r\u00e9g\u00e9n\u00e9ration et renforcer la confiance en son propre corps.<\/li>\n<\/ul>\n<h3>Module 11 : Gu\u00e9rison et r\u00e9g\u00e9n\u00e9ration apr\u00e8s l'accouchement<\/h3>\n<ul type=\"disc\">\n<li>Soutien \u00e0 la gu\u00e9rison apr\u00e8s un accouchement traumatique.<\/li>\n<li>Exercices et rituels favorisant la r\u00e9g\u00e9n\u00e9ration pour renforcer la confiance en son propre corps<\/li>\n<li>des exercices, des rituels, des m\u00e9ditations, des voyages imaginaires ainsi que des exercices d'entra\u00eenement mental et de cr\u00e9ativit\u00e9 pour accompagner les quatre phases de la grossesse<\/li>\n<\/ul>\n<p>&nbsp;<\/p>\n<p><a href=\"https:\/\/www.akademiebios.eu\/seminar-schwangerschaft-geburt-begleitung\/\" target=\"_blank\" rel=\"noopener\">Pour plus d'informations et les dates, cliquez ici.<\/a><\/p>\n<\/div>","protected":false},"excerpt":{"rendered":"<p>S\u00e9minaire : Accompagnement psychologique et \u00e9nerg\u00e9tique pendant la grossesse et l'accouchement<\/p>","protected":false},"featured_media":14873,"comment_status":"open","ping_status":"closed","template":"","meta":{"_acf_changed":false,"bwfblock_default_font":""},"product_brand":[],"product_cat":[102],"product_tag":[247,348],"class_list":{"0":"post-14872","1":"product","2":"type-product","3":"status-publish","4":"has-post-thumbnail","6":"product_cat-kurse","7":"product_tag-persoenlichkeitsentwicklung","8":"product_tag-frauenarbeit","10":"first","11":"instock","12":"virtual","13":"taxable","14":"purchasable","15":"product-type-simple"},"bundled_by":[],"bundle_stock_status":"instock","bundle_stock_quantity":null,"bundle_virtual":false,"bundle_layout":"","bundle_add_to_cart_form_location":"","bundle_editable_in_cart":false,"bundle_sold_individually_context":"","bundle_item_grouping":"","bundle_min_size":"","bundle_max_size":"","bundle_price":[],"bundled_items":[],"bundle_sell_ids":[],"acf":[],"_links":{"self":[{"href":"https:\/\/www.bios-shop.eu\/fr\/wp-json\/wp\/v2\/product\/14872","targetHints":{"allow":["GET"]}}],"collection":[{"href":"https:\/\/www.bios-shop.eu\/fr\/wp-json\/wp\/v2\/product"}],"about":[{"href":"https:\/\/www.bios-shop.eu\/fr\/wp-json\/wp\/v2\/types\/product"}],"replies":[{"embeddable":true,"href":"https:\/\/www.bios-shop.eu\/fr\/wp-json\/wp\/v2\/comments?post=14872"}],"wp:featuredmedia":[{"embeddable":true,"href":"https:\/\/www.bios-shop.eu\/fr\/wp-json\/wp\/v2\/media\/14873"}],"wp:attachment":[{"href":"https:\/\/www.bios-shop.eu\/fr\/wp-json\/wp\/v2\/media?parent=14872"}],"wp:term":[{"taxonomy":"product_brand","embeddable":true,"href":"https:\/\/www.bios-shop.eu\/fr\/wp-json\/wp\/v2\/product_brand?post=14872"},{"taxonomy":"product_cat","embeddable":true,"href":"https:\/\/www.bios-shop.eu\/fr\/wp-json\/wp\/v2\/product_cat?post=14872"},{"taxonomy":"product_tag","embeddable":true,"href":"https:\/\/www.bios-shop.eu\/fr\/wp-json\/wp\/v2\/product_tag?post=14872"}],"curies":[{"name":"wp","href":"https:\/\/api.w.org\/{rel}","templated":true}]}}