
{"id":14706,"date":"2024-09-07T15:52:10","date_gmt":"2024-09-07T14:52:10","guid":{"rendered":"https:\/\/www.bios-shop.eu\/?post_type=product&#038;p=14706"},"modified":"2025-12-22T15:35:46","modified_gmt":"2025-12-22T14:35:46","slug":"accompagnement-energetique-en-cas-de-desir-denfant-2","status":"publish","type":"product","link":"https:\/\/www.bios-shop.eu\/fr\/produkt\/wunder-der-weiblichkeit-entfalten\/","title":{"rendered":"Conduire le miracle de la f\u00e9minit\u00e9 \u00e0 son \u00e9panouissement : \"Accompagner \u00e9nerg\u00e9tiquement les femmes et les troubles f\u00e9minins, du cycle menstruel \u00e0 la m\u00e9nopause\"."},"content":{"rendered":"<p class=\"tve-droppable\">Ce s\u00e9minaire intensif vous offre la possibilit\u00e9 de vous familiariser en profondeur avec la\u00a0<strong>psychiques et physiques <\/strong><strong>D\u00e9veloppement de la femme et de la symbolique du f\u00e9minin\u00a0<\/strong>de l'autre.<\/p>\n<p class=\"tve-droppable\">Nous aborderons et comprendrons l'aventure d'\u00eatre une femme sous les angles les plus divers : les\u00a0<strong>M\u00e9decine traditionnelle chinoise<\/strong>\u00a0et\u00a0<strong>th\u00e9orie indienne des chakras<\/strong>qui\u00a0<strong>travail corporel \u00e9nerg\u00e9tique et craniosacral<\/strong>qui\u00a0<strong>l'enseignement des arch\u00e9types f\u00e9minins<\/strong>\u00a0ainsi que\u00a0<strong>coaching orient\u00e9 vers les solutions<\/strong>\u00a0constituent les piliers th\u00e9oriques de cette formation. Dans chacune de ces disciplines et m\u00e9thodes, vous recevrez\u00a0<strong>des proc\u00e9dures, rituels et techniques utiles et efficaces\u00a0<\/strong>pr\u00e9sent\u00e9, les\u00a0<strong>\u00e9veiller l'essence f\u00e9minine<\/strong>. Le contenu de ce s\u00e9minaire et de ces \u00e9tudes vous permet d'accompagner les femmes avec empathie et conscience dans les diff\u00e9rentes \u00e9tapes de leur d\u00e9veloppement f\u00e9minin.<\/p>\n<p class=\"tve-droppable\">Plus d'informations sur le s\u00e9minaire sur : <a href=\"https:\/\/www.akademiebios.eu\/weiblichkeit-heilen-menstruation-wechseljahre\/\" target=\"_blank\" rel=\"noopener\">https:\/\/www.akademiebios.eu\/weiblichkeit-heilen-menstruation-wechseljahre\/<\/a><\/p>\n<h2><\/h2>\n<h2 class=\"tve-droppable\">Contenu<\/h2>\n<h3 class=\"\" data-css=\"tve-u-192f84047d7\"><strong>Module 1 : Bases de la perception du corps f\u00e9minin<\/strong><\/h3>\n<p>Introduction au ressenti et \u00e0 la reconnaissance de son propre corps comme base de l'identit\u00e9 f\u00e9minine.<\/p>\n<ul class=\"\" type=\"disc\">\n<li>Introduction \u00e0 l'anatomie f\u00e9minine et \u00e0 la conscience de soi physique<\/li>\n<li>Travail corporel \u00e9nerg\u00e9tique et techniques d'autotraitement<\/li>\n<li>M\u00e9ditations de base pour renforcer la perception du corps<\/li>\n<\/ul>\n<p>&nbsp;<\/p>\n<h3 class=\"\"><strong>Module 2 : Rituel et m\u00e9ditation pour le corps f\u00e9minin<\/strong><\/h3>\n<p>D\u00e9veloppement d'une connexion profonde avec son propre corps par des rituels et une m\u00e9ditation guid\u00e9e.<\/p>\n<ul class=\"\" type=\"disc\">\n<li>Mise en place de rituels pour renforcer quotidiennement la force f\u00e9minine<\/li>\n<li>Techniques de visualisation pour int\u00e9rioriser les sensations corporelles<\/li>\n<li>Exercices de relaxation et de r\u00e9duction du stress<\/li>\n<\/ul>\n<p>&nbsp;<\/p>\n<h3 class=\"\"><strong>Module 3 : \u00e9quilibre \u00e9nerg\u00e9tique et r\u00e9\u00e9quilibrage des chakras<\/strong><\/h3>\n<p>Comprendre et appliquer les concepts \u00e9nerg\u00e9tiques pour harmoniser le corps f\u00e9minin.<\/p>\n<ul class=\"\" type=\"disc\">\n<li>Techniques de d\u00e9tection et de dissolution des blocages \u00e9nerg\u00e9tiques<\/li>\n<li>Introduction \u00e0 la th\u00e9orie des chakras et \u00e0 leur importance pour l'\u00e9nergie f\u00e9minine<\/li>\n<li>Utilisation de l'acupressure et des \u00e9lixirs floraux pour l'auto-traitement<\/li>\n<\/ul>\n<p>&nbsp;<\/p>\n<h3 class=\"\"><strong>Module 4 : Psychosomatique des organes f\u00e9minins<\/strong><\/h3>\n<p>Comprendre le lien entre le corps et le psychisme et renforcer les organes dans leur globalit\u00e9.<\/p>\n<ul class=\"\" type=\"disc\">\n<li>Reconnaissance des relations psychosomatiques des organes f\u00e9minins<\/li>\n<li>Exercices pour favoriser un sentiment d'organe positif<\/li>\n<li>M\u00e9thodes de r\u00e9solution des blessures \u00e9motionnelles<\/li>\n<\/ul>\n<p>&nbsp;<\/p>\n<h3 class=\"\"><strong>Module 5 : Symbolique et m\u00e9taphorique des organes sexuels f\u00e9minins<\/strong><\/h3>\n<p>Une compr\u00e9hension plus profonde des aspects spirituels des organes sexuels f\u00e9minins.<\/p>\n<ul class=\"\" type=\"disc\">\n<li>Interpr\u00e9tation des significations symboliques des organes sexuels<\/li>\n<li>Utilisation de rituels pour le soutien \u00e9nerg\u00e9tique des organes sexuels<\/li>\n<li>Introduction aux concepts de la MTC et \u00e0 leur application aux organes f\u00e9minins<\/li>\n<\/ul>\n<p>&nbsp;<\/p>\n<h3 class=\"\"><strong>Module 6 : Renforcement des organes sexuels<\/strong><\/h3>\n<p>Activation et renforcement des organes sexuels par des exercices et des techniques cibl\u00e9s.<\/p>\n<ul class=\"\" type=\"disc\">\n<li>Exercices de yoga et de tao\u00efsme sp\u00e9cialement con\u00e7us pour les femmes<\/li>\n<li>Utilisation de mudras pour \u00e9nergiser les organes sexuels<\/li>\n<li>Techniques d'autotraitement pour la pratique quotidienne<\/li>\n<\/ul>\n<h3 class=\"\"><strong>Module 7 : Le cycle menstruel comme miroir du soi<\/strong><\/h3>\n<p>Exploration du cycle menstruel comme voie vers la connaissance de soi et l'harmonie.<\/p>\n<ul class=\"\" type=\"disc\">\n<li>Comprendre les diff\u00e9rentes phases du cycle et leurs significations<\/li>\n<li>Exercices pour soutenir sa propre phase de cycle<\/li>\n<li>Techniques pour soulager les douleurs<\/li>\n<\/ul>\n<p>&nbsp;<\/p>\n<h3 class=\"\"><strong>Module\u00a0<\/strong>8:\u00a0<strong>La conscience du cycle et ses arch\u00e9types<\/strong><\/h3>\n<ul class=\"\">\n<li>Arch\u00e9types du cycle f\u00e9minin<br \/>\nExploration du cycle menstruel comme source de force et de potentiel cr\u00e9atif.<\/li>\n<li>Reconnaissance de ses propres mod\u00e8les de cycles et de leurs influences sur la vie quotidienne<\/li>\n<\/ul>\n<ul class=\"\" type=\"disc\">\n<li>Pratiques chamaniques et \u00e9nerg\u00e9tiques pour honorer le cycle<\/li>\n<li>Travail rituel pour c\u00e9l\u00e9brer et accepter le cycle<\/li>\n<\/ul>\n<h3 class=\"\"><strong><br \/>\nModule 9 : Pratiques de gu\u00e9rison pour le cycle f\u00e9minin<\/strong><\/h3>\n<p>Application de techniques de gu\u00e9rison sp\u00e9cialement con\u00e7ues pour soutenir et harmoniser le cycle menstruel.<\/p>\n<ul class=\"\" type=\"disc\">\n<li>Int\u00e9gration d'exercices de relaxation dans la vie quotidienne<\/li>\n<li>Aper\u00e7u approfondi des m\u00e9thodes de gu\u00e9rison chamanique pour les femmes<\/li>\n<li>Techniques d'autotraitement sp\u00e9cifiques pour diff\u00e9rentes phases du cycle<\/li>\n<\/ul>\n<p>&nbsp;<\/p>\n<h3 class=\"\"><strong>Module 10 : Approche globale de l'\u00e9nergie f\u00e9minine<\/strong><\/h3>\n<p>R\u00e9union de tous les \u00e9l\u00e9ments du s\u00e9minaire pour promouvoir un mode de vie sain, \u00e9nergique et harmonieux.<\/p>\n<ul class=\"\" type=\"disc\">\n<li>D\u00e9velopper une vision holistique de la sant\u00e9 f\u00e9minine<\/li>\n<li>Cr\u00e9ation d'un plan de bien-\u00eatre personnel en tenant compte de toutes les techniques apprises<\/li>\n<li>M\u00e9ditation finale pour int\u00e9grer et consolider le contenu du s\u00e9minaire<\/li>\n<\/ul>","protected":false},"excerpt":{"rendered":"<p class=\"tve-droppable\">\u00c0 notre \u00e9poque, il est absolument prioritaire de r\u00e9veiller et de renforcer la force et l'empathie f\u00e9minines ainsi que la force maternelle originelle.<\/p>\n<p class=\"tve-droppable\">Ce s\u00e9minaire intensif t'offre la possibilit\u00e9 de te familiariser en profondeur avec la\u00a0<strong>psychiques et physiques\u00a0<\/strong><strong>D\u00e9veloppement de la femme\u00a0<\/strong>de l'autre.<\/p>","protected":false},"featured_media":14707,"comment_status":"open","ping_status":"closed","template":"","meta":{"_acf_changed":false,"bwfblock_default_font":""},"product_brand":[],"product_cat":[102],"product_tag":[247],"class_list":{"0":"post-14706","1":"product","2":"type-product","3":"status-publish","4":"has-post-thumbnail","6":"product_cat-kurse","7":"product_tag-persoenlichkeitsentwicklung","9":"first","10":"instock","11":"virtual","12":"taxable","13":"purchasable","14":"product-type-simple"},"bundled_by":[],"bundle_stock_status":"instock","bundle_stock_quantity":null,"bundle_virtual":false,"bundle_layout":"","bundle_add_to_cart_form_location":"","bundle_editable_in_cart":false,"bundle_sold_individually_context":"","bundle_item_grouping":"","bundle_min_size":"","bundle_max_size":"","bundle_price":[],"bundled_items":[],"bundle_sell_ids":[],"acf":[],"_links":{"self":[{"href":"https:\/\/www.bios-shop.eu\/fr\/wp-json\/wp\/v2\/product\/14706","targetHints":{"allow":["GET"]}}],"collection":[{"href":"https:\/\/www.bios-shop.eu\/fr\/wp-json\/wp\/v2\/product"}],"about":[{"href":"https:\/\/www.bios-shop.eu\/fr\/wp-json\/wp\/v2\/types\/product"}],"replies":[{"embeddable":true,"href":"https:\/\/www.bios-shop.eu\/fr\/wp-json\/wp\/v2\/comments?post=14706"}],"wp:featuredmedia":[{"embeddable":true,"href":"https:\/\/www.bios-shop.eu\/fr\/wp-json\/wp\/v2\/media\/14707"}],"wp:attachment":[{"href":"https:\/\/www.bios-shop.eu\/fr\/wp-json\/wp\/v2\/media?parent=14706"}],"wp:term":[{"taxonomy":"product_brand","embeddable":true,"href":"https:\/\/www.bios-shop.eu\/fr\/wp-json\/wp\/v2\/product_brand?post=14706"},{"taxonomy":"product_cat","embeddable":true,"href":"https:\/\/www.bios-shop.eu\/fr\/wp-json\/wp\/v2\/product_cat?post=14706"},{"taxonomy":"product_tag","embeddable":true,"href":"https:\/\/www.bios-shop.eu\/fr\/wp-json\/wp\/v2\/product_tag?post=14706"}],"curies":[{"name":"wp","href":"https:\/\/api.w.org\/{rel}","templated":true}]}}