
{"id":14405,"date":"2024-06-06T22:24:31","date_gmt":"2024-06-06T21:24:31","guid":{"rendered":"https:\/\/www.bios-shop.eu\/produkt\/energetische-begleitung-beim-kinderwunsch\/"},"modified":"2025-12-22T15:31:12","modified_gmt":"2025-12-22T14:31:12","slug":"accompagnement-energetique-en-cas-de-desir-denfant","status":"publish","type":"product","link":"https:\/\/www.bios-shop.eu\/fr\/produkt\/energetische-begleitung-beim-kinderwunsch\/","title":{"rendered":"Accompagnement \u00e9nerg\u00e9tique en cas de d\u00e9sir d'enfant"},"content":{"rendered":"<p><span style=\"color: #000000;\">Le corps f\u00e9minin, avec ses formes rondes, ses mouvements souples et sa forme accueillante, inspire la s\u00e9curit\u00e9, la compr\u00e9hension maternelle, la compassion, l'amour et la force.<\/span><\/p>\n<p><span style=\"color: #000000;\">Le corps f\u00e9minin est un cadeau pour chaque femme. Il \u00e9voque par sa forme un vase o\u00f9 s'op\u00e8re l'alchimie de la vie et o\u00f9 une nouvelle existence m\u00fbrit pour prendre vie, jusqu'au jour o\u00f9 elle verra la lumi\u00e8re du jour. La femme, gardienne du secret de la vie, est profond\u00e9ment li\u00e9e \u00e0 sa fertilit\u00e9.<\/span><\/p>\n<p><span style=\"color: #000000;\">Le fait de ressentir le d\u00e9sir d'enfant relie une femme \u00e0 un d\u00e9sir profond de transmettre la vie et de vivre l'exp\u00e9rience de la maternit\u00e9. Les connaissances de base, les traitements \u00e9nerg\u00e9tiques et les rituels que vous acquerrez au cours de ce s\u00e9minaire vous aideront \u00e0 accompagner les femmes dans ce d\u00e9sir, cette recherche et ce chemin vers l'enfant, en toute conscience et avec amour.<\/span><\/p>\n<p><span style=\"color: #000000;\">Nous aborderons et apprendrons \u00e0 comprendre le th\u00e8me du d\u00e9sir d'enfant sous les angles les plus divers : la m\u00e9decine traditionnelle chinoise et la th\u00e9orie indienne des chakras, le travail corporel \u00e9nerg\u00e9tique et craniosacral, la th\u00e9orie des arch\u00e9types f\u00e9minins ainsi que le coaching orient\u00e9 vers les solutions constituent les piliers th\u00e9oriques de cette formation.<\/span><\/p>\n<p><span style=\"color: #000000;\">Chacune de ces disciplines et m\u00e9thodes vous pr\u00e9sente des approches, des rituels et des techniques utiles et efficaces pour soutenir les femmes avec amour et compr\u00e9hension sur ce sujet important et sensible.<\/span><\/p>\n<h2 style=\"padding-top: 25px;\"><span style=\"color: #000000;\">Contenu du s\u00e9minaire de formation continue<\/span><\/h2>\n<p><span style=\"color: #000000;\"><b>Module 1 : Le d\u00e9sir d'enfant comme processus de croissance<\/b><\/span><\/p>\n<ul>\n<li><span style=\"color: #000000;\">Le contexte et les aspects psychologiques, \u00e9nerg\u00e9tiques, li\u00e9s \u00e0 la MTC et chamaniques du d\u00e9sir d'enfant<\/span><\/li>\n<li><span style=\"color: #000000;\">La fertilit\u00e9 comme m\u00e9taphore<\/span><\/li>\n<li><span style=\"color: #000000;\">Fertilit\u00e9 et infertilit\u00e9 d'un point de vue psychologique, symbolique, \u00e9nerg\u00e9tique, chamanique et karmique<\/span><\/li>\n<li><span style=\"color: #000000;\">Des pistes pour d\u00e9velopper la cr\u00e9ativit\u00e9 de l'\u00e2me et la fertilit\u00e9 du corps<\/span><\/li>\n<\/ul>\n<p><span style=\"color: #000000;\"><b>Module 2 : Une r\u00e9flexion consciente sur son propre processus d'accouchement comme voie vers un d\u00e9sir d'enfant combl\u00e9<\/b><\/span><\/p>\n<ul>\n<li><span style=\"color: #000000;\">Comprendre sa propre phase pr\u00e9natale et sa naissance : Le corps et l'\u00e2me se souviennent<\/span><\/li>\n<li><span style=\"color: #000000;\">M\u00e9ditations guid\u00e9es pour vivre la phase pr\u00e9natale et le processus d'accouchement de mani\u00e8re symbolique et salutaire et pour les ressentir comme un chemin vers l'\u00e9panouissement de la cr\u00e9ativit\u00e9 personnelle.<\/span><\/li>\n<li><span style=\"color: #000000;\">Comprendre l'empreinte de la c\u00e9sarienne, de l'accouchement par voie basse et d'autres \u00e9v\u00e9nements et circonstances de la naissance sur le plan \u00e9nerg\u00e9tique, psychique et physique et reconna\u00eetre leur r\u00f4le dans le d\u00e9sir d'enfant.<\/span><\/li>\n<\/ul>\n<p><span style=\"color: #000000;\"><b>Module 3 : Accompagner \u00e9nerg\u00e9tiquement les femmes et les hommes en d\u00e9sir d'enfant de mani\u00e8re consciente et comp\u00e9tente<\/b><\/span><\/p>\n<ul>\n<li><span style=\"color: #000000;\">Le contexte psychologique, \u00e9nerg\u00e9tique, MTC et chamanique de la fertilit\u00e9, de l'infertilit\u00e9 et du d\u00e9sir d'enfant<\/span><\/li>\n<li><span style=\"color: #000000;\">Exercices, rituels, traitements, autotraitements et techniques de gu\u00e9rison chamaniques pour comprendre les femmes et les hommes qui souhaitent avoir un enfant et les th\u00e8mes qui y sont li\u00e9s, et pour pouvoir les accompagner consciemment avec des connaissances \u00e9nerg\u00e9tiques, rituelles et de MTC.<\/span><\/li>\n<\/ul>\n<p><span style=\"color: #000000;\"><b>Module 4 : Exercices corporels \u00e9nerg\u00e9tiques<\/b><\/span><\/p>\n<ul>\n<li><span style=\"color: #000000;\">Yoga, exercices tao\u00efstes, mudra et auto-traitements pour renforcer le corps et l'esprit en cas de d\u00e9sir d'enfant<\/span><\/li>\n<\/ul>\n<p>&nbsp;<\/p>\n<p><span style=\"color: #000000;\">Vous trouverez ici tous les d\u00e9tails sur l'atelier ainsi que les dates actuelles :<br \/>\n<a href=\"https:\/\/www.akademiebios.eu\/seminar-kinderwunsch\/\" target=\"_blank\" rel=\"noopener\">https:\/\/www.akademiebios.eu\/seminar-kinderwunsch\/<\/a><br \/>\n<\/span><\/p>\n<p><span style=\"color: #000000;\">Dott.ssa. Auteur, animatrice de s\u00e9minaires, coach et conseill\u00e8re sociale et de vie.<\/span><\/p>\n<p><span style=\"color: #000000;\">Depuis 20 ans, j'accompagne des personnes sur leur chemin dans le cadre de formations, de s\u00e9minaires et de s\u00e9ances individuelles. Dans mes livres et mes blogs, je partage avec toi mes connaissances et mes exp\u00e9riences.<\/span><\/p>\n<p><span style=\"color: #000000;\">Je veux ainsi t'aider \u00e0 reconna\u00eetre ton unicit\u00e9 et \u00e0 vivre ton potentiel.<\/span><\/p>\n<h2 style=\"padding-top: 25px;\"><span style=\"color: #000000;\">Pour en savoir plus sur moi, consulte<\/span><\/h2>\n<p><span style=\"color: #000000;\"><a style=\"color: #000000;\" href=\"https:\/\/www.akademiebios.eu\/ernestina-mazza\/\" target=\"_blank\" rel=\"noopener\">https:\/\/www.akademiebios.eu\/ernestina-mazza\/<\/a><\/span><\/p>","protected":false},"excerpt":{"rendered":"<p>Ce s\u00e9minaire aborde le th\u00e8me du d\u00e9sir d'enfant sous diff\u00e9rents angles et introduit des approches, rituels et techniques utiles et efficaces issus des disciplines et m\u00e9thodes suivantes : La m\u00e9decine traditionnelle chinoise (MTC) et la th\u00e9orie indienne des chakras, le travail corporel \u00e9nerg\u00e9tique et craniosacral, la th\u00e9orie des arch\u00e9types f\u00e9minins, le coaching orient\u00e9 vers les solutions.<\/p>","protected":false},"featured_media":14407,"comment_status":"open","ping_status":"closed","template":"","meta":{"_acf_changed":false,"bwfblock_default_font":""},"product_brand":[],"product_cat":[102],"product_tag":[247],"class_list":{"0":"post-14405","1":"product","2":"type-product","3":"status-publish","4":"has-post-thumbnail","6":"product_cat-kurse","7":"product_tag-persoenlichkeitsentwicklung","9":"first","10":"instock","11":"virtual","12":"taxable","13":"purchasable","14":"product-type-simple"},"bundled_by":[],"bundle_stock_status":"instock","bundle_stock_quantity":null,"bundle_virtual":false,"bundle_layout":"","bundle_add_to_cart_form_location":"","bundle_editable_in_cart":false,"bundle_sold_individually_context":"","bundle_item_grouping":"","bundle_min_size":"","bundle_max_size":"","bundle_price":[],"bundled_items":[],"bundle_sell_ids":[],"acf":[],"_links":{"self":[{"href":"https:\/\/www.bios-shop.eu\/fr\/wp-json\/wp\/v2\/product\/14405","targetHints":{"allow":["GET"]}}],"collection":[{"href":"https:\/\/www.bios-shop.eu\/fr\/wp-json\/wp\/v2\/product"}],"about":[{"href":"https:\/\/www.bios-shop.eu\/fr\/wp-json\/wp\/v2\/types\/product"}],"replies":[{"embeddable":true,"href":"https:\/\/www.bios-shop.eu\/fr\/wp-json\/wp\/v2\/comments?post=14405"}],"wp:featuredmedia":[{"embeddable":true,"href":"https:\/\/www.bios-shop.eu\/fr\/wp-json\/wp\/v2\/media\/14407"}],"wp:attachment":[{"href":"https:\/\/www.bios-shop.eu\/fr\/wp-json\/wp\/v2\/media?parent=14405"}],"wp:term":[{"taxonomy":"product_brand","embeddable":true,"href":"https:\/\/www.bios-shop.eu\/fr\/wp-json\/wp\/v2\/product_brand?post=14405"},{"taxonomy":"product_cat","embeddable":true,"href":"https:\/\/www.bios-shop.eu\/fr\/wp-json\/wp\/v2\/product_cat?post=14405"},{"taxonomy":"product_tag","embeddable":true,"href":"https:\/\/www.bios-shop.eu\/fr\/wp-json\/wp\/v2\/product_tag?post=14405"}],"curies":[{"name":"wp","href":"https:\/\/api.w.org\/{rel}","templated":true}]}}