
{"id":11468,"date":"2022-10-01T14:56:34","date_gmt":"2022-10-01T13:56:34","guid":{"rendered":"https:\/\/www.bios-shop.eu\/?post_type=product&#038;p=11468"},"modified":"2025-12-22T15:18:59","modified_gmt":"2025-12-22T14:18:59","slug":"hypersensibilite-adultes-adolescents-enfants","status":"publish","type":"product","link":"https:\/\/www.bios-shop.eu\/fr\/produkt\/hochsensibilitaet-erwachsene-jugendliche-kinder\/","title":{"rendered":"L'hypersensibilit\u00e9 des adultes, des adolescents et des enfants"},"content":{"rendered":"<h2><strong>Contenu et objectifs du s\u00e9minaire<\/strong><\/h2>\n<ul>\n<li>L'hypersensibilit\u00e9 d'un point de vue psychologique et du point de vue du d\u00e9veloppement personnel<\/li>\n<li>L'hypersensibilit\u00e9 d'un point de vue \u00e9nerg\u00e9tique (th\u00e9orie des chakras et de l'aura)<\/li>\n<li>L'hypersensibilit\u00e9 du point de vue de la m\u00e9decine traditionnelle chinoise<\/li>\n<li>L'hypersensibilit\u00e9 du point de vue de la vision chamanique du monde et de l'\u00eatre humain<\/li>\n<li>L'hypersensibilit\u00e9, un trait de personnalit\u00e9 puissant et un talent personnel<\/li>\n<li>Activer les ressources internes pour une gestion constructive de l'hypersensibilit\u00e9<\/li>\n<li>Comprendre les enfants et les adolescents hypersensibles et les accompagner en les valorisant<\/li>\n<li>D\u00e9limitation consciente et renforcement personnel pour les personnes hautement sensibles : Exercices, rituels, traitements \u00e9nerg\u00e9tiques et exercices de visualisation<\/li>\n<li>Utiliser et vivre l'hypersensibilit\u00e9 au quotidien comme une ressource puissante<\/li>\n<li>Faire la paix avec sa propre hypersensibilit\u00e9<\/li>\n<li>Accompagnement \u00e9nerg\u00e9tique pour les personnes hautement sensibles<\/li>\n<\/ul>\n<p>Vous pouvez suivre ce s\u00e9minaire en tant que <strong>Formation \u00e0 distance<\/strong>\u00a0et d'assimiler les contenus pratiques et th\u00e9oriques de mani\u00e8re autonome, en fonction de leur rythme d'apprentissage et de leurs ressources en temps.<\/p>\n<p>Vous trouverez toutes les informations sur cette formation \u00e0 distance sur : <a href=\"https:\/\/www.akademiebios.eu\/veranstaltungen\/seminar-hochsensibilitaet\/\" target=\"_blank\" rel=\"noopener\">www.akademiebios.eu\/veranstaltungen\/seminar-hochsensibilitaet\/<\/a><\/p>\n<h2 style=\"padding-top: 25px;\">Rendez-vous<\/h2>\n<p><strong>Formation \u00e0 distance - en ligne \u00e0 tout moment - avec enregistrements vid\u00e9o, enregistrements audio et script<\/strong><\/p>\n<p><strong>Intervenante<\/strong>: Dott.ssa. Ernestina Mazza<\/p>","protected":false},"excerpt":{"rendered":"<p>Apprenez les possibilit\u00e9s de soutien rituel, chamanique, \u00e9nerg\u00e9tique et de MTC ainsi que les formes de traitement pour vous accompagner de mani\u00e8re professionnelle, vous et les autres personnes hautement sensibles qui ont du mal \u00e0 trouver leur voie et \u00e0 supporter les charges de leur environnement.<\/p>","protected":false},"featured_media":11523,"comment_status":"open","ping_status":"closed","template":"","meta":{"_acf_changed":false,"bwfblock_default_font":""},"product_brand":[],"product_cat":[102],"product_tag":[333],"class_list":{"0":"post-11468","1":"product","2":"type-product","3":"status-publish","4":"has-post-thumbnail","6":"product_cat-kurse","7":"product_tag-hochsensibilitaet","9":"first","10":"instock","11":"virtual","12":"taxable","13":"purchasable","14":"product-type-simple"},"bundled_by":[],"bundle_stock_status":"instock","bundle_stock_quantity":null,"bundle_virtual":false,"bundle_layout":"","bundle_add_to_cart_form_location":"","bundle_editable_in_cart":false,"bundle_sold_individually_context":"","bundle_item_grouping":"","bundle_min_size":"","bundle_max_size":"","bundle_price":[],"bundled_items":[],"bundle_sell_ids":[],"acf":[],"_links":{"self":[{"href":"https:\/\/www.bios-shop.eu\/fr\/wp-json\/wp\/v2\/product\/11468","targetHints":{"allow":["GET"]}}],"collection":[{"href":"https:\/\/www.bios-shop.eu\/fr\/wp-json\/wp\/v2\/product"}],"about":[{"href":"https:\/\/www.bios-shop.eu\/fr\/wp-json\/wp\/v2\/types\/product"}],"replies":[{"embeddable":true,"href":"https:\/\/www.bios-shop.eu\/fr\/wp-json\/wp\/v2\/comments?post=11468"}],"wp:featuredmedia":[{"embeddable":true,"href":"https:\/\/www.bios-shop.eu\/fr\/wp-json\/wp\/v2\/media\/11523"}],"wp:attachment":[{"href":"https:\/\/www.bios-shop.eu\/fr\/wp-json\/wp\/v2\/media?parent=11468"}],"wp:term":[{"taxonomy":"product_brand","embeddable":true,"href":"https:\/\/www.bios-shop.eu\/fr\/wp-json\/wp\/v2\/product_brand?post=11468"},{"taxonomy":"product_cat","embeddable":true,"href":"https:\/\/www.bios-shop.eu\/fr\/wp-json\/wp\/v2\/product_cat?post=11468"},{"taxonomy":"product_tag","embeddable":true,"href":"https:\/\/www.bios-shop.eu\/fr\/wp-json\/wp\/v2\/product_tag?post=11468"}],"curies":[{"name":"wp","href":"https:\/\/api.w.org\/{rel}","templated":true}]}}