
{"id":8516,"date":"2020-05-17T18:47:40","date_gmt":"2020-05-17T17:47:40","guid":{"rendered":"https:\/\/www.bios-shop.eu\/commercio-e-consegna-del-libro\/"},"modified":"2020-05-17T18:47:41","modified_gmt":"2020-05-17T17:47:41","slug":"commercio-e-consegna-del-libro","status":"publish","type":"page","link":"https:\/\/www.bios-shop.eu\/fr\/commercio-e-consegna-del-libro\/","title":{"rendered":"Commercio e consegna del libro"},"content":{"rendered":"<h2 class=\"wp-block-heading\">Condizioni per la vendita al dettaglio di libri<\/h2>\n\n<p>Concediamo al commercio del libro le consuete condizioni di vendita al dettaglio di libri del <strong>30% di sconto sui singoli ordini<\/strong> (pi\u00f9 le ffrancatura). Se almeno quattro dei nostri libri (con almeno 2 pezzi) sono presi su commissione e <strong>sono disponibili nel display della libreria,<\/strong>siamo lieti di concedere il <strong>40%<\/strong> di sconto libreria. <\/p>\n\n<p>Le remissioni sono sempre possibili con noi fintanto che i libri sono in condizioni di menta.<br\/><\/p>\n\n<h2 class=\"wp-block-heading\">Consegna DACH<\/h2>\n\n<p><strong>Consegna per Germania, Austria e Svizzera : <\/strong><br\/>Artha Book Service \/ Pubblicazione Editoriale<br\/>Contatta : Rolf Mihm<br\/>Il ruolo di Gr\u00e0ntenseestr. 42<br\/>87466 Oy-Mittelberg<br\/>Germania<br\/>Num\u00e9ro de t\u00e9l\u00e9phone : 49 8361 8031<br\/>Ordinare l'e-mail : <a href=\"mailto:va@artha.de\">va@artha.de<\/a><br\/><\/p>\n\n<h2 class=\"wp-block-heading\">Frais de port et de livraison<\/h2>\n\n<p><strong>Per Germania e Austria :<\/strong><br\/>Il nostro servizio di consegna Artha Book fornisce i nostri libri sui carri da libro di KNV, Libri, Umbreit e Morawa ai soliti prezzi chilogrammi. <\/p>\n\n<p>In alternativa, offriamo anche la consegna per posta (DE\/AT), DHL e DPD, per cui le spese di spedizione devono essere a carico della libreria in base alle spese. A seconda delle dimensioni dell'ordine, questi ammontano a circa 4,30 euro.<\/p>\n\n<p><strong>Per la Svizzera :<\/strong><br\/>Le librerie svizzere possono ordinare i nostri libri direttamente dallo Swiss Book Centre, al quale \u00e8 collegato il nostro fornitore Artha.<\/p>","protected":false},"excerpt":{"rendered":"<p>Condizioni per la vendita al dettaglio di libri Concediamo al commercio del libro le consuete condizioni di vendita al dettaglio di libri del 30% di sconto sui singoli ordini (pi\u00f9 le ffrancatura). Se almeno quattro dei nostri libri (con almeno 2 pezzi) sono presi su commissione e sono disponibili nel display della libreria,siamo lieti di [&#8230;]\n","protected":false},"author":2,"featured_media":0,"parent":0,"menu_order":0,"comment_status":"closed","ping_status":"closed","template":"","meta":{"_acf_changed":false,"bwfblock_default_font":"","footnotes":""},"class_list":["post-8516","page","type-page","status-publish","hentry"],"acf":[],"_links":{"self":[{"href":"https:\/\/www.bios-shop.eu\/fr\/wp-json\/wp\/v2\/pages\/8516","targetHints":{"allow":["GET"]}}],"collection":[{"href":"https:\/\/www.bios-shop.eu\/fr\/wp-json\/wp\/v2\/pages"}],"about":[{"href":"https:\/\/www.bios-shop.eu\/fr\/wp-json\/wp\/v2\/types\/page"}],"author":[{"embeddable":true,"href":"https:\/\/www.bios-shop.eu\/fr\/wp-json\/wp\/v2\/users\/2"}],"replies":[{"embeddable":true,"href":"https:\/\/www.bios-shop.eu\/fr\/wp-json\/wp\/v2\/comments?post=8516"}],"version-history":[{"count":0,"href":"https:\/\/www.bios-shop.eu\/fr\/wp-json\/wp\/v2\/pages\/8516\/revisions"}],"wp:attachment":[{"href":"https:\/\/www.bios-shop.eu\/fr\/wp-json\/wp\/v2\/media?parent=8516"}],"curies":[{"name":"wp","href":"https:\/\/api.w.org\/{rel}","templated":true}]}}