
{"id":8477,"date":"2020-05-17T17:36:48","date_gmt":"2020-05-17T16:36:48","guid":{"rendered":"https:\/\/www.bios-shop.eu\/sigla-editoriale\/"},"modified":"2020-05-17T17:36:50","modified_gmt":"2020-05-17T16:36:50","slug":"sigla-editoriale","status":"publish","type":"page","link":"https:\/\/www.bios-shop.eu\/fr\/sigla-editoriale\/","title":{"rendered":"sigla editoriale"},"content":{"rendered":"<div class=\"woocommerce woocommerce-gzd woocommerce-gzd-complaints-shortcode\">\n\t\t\t<h3>Information en vertu de l'article 19 (3) AStG<\/h3>\n\t\t<p>Alternative Dispute Resolution Act - Boutiques en ligne<\/p>\n\t\nNous ne sommes pas tenus de participer \u00e0 une proc\u00e9dure de r\u00e8glement des litiges devant un organisme de conciliation des consommateurs et ne sommes pas dispos\u00e9s \u00e0 le faire.<\/div>\n\n<p>Obligation de fournir des informations au sens de la section 5 du E-Commerce Act, de la section 14 du Codice Societ\u00e0, de la section 63 du Codice Commerciale et obligation de divulguer conform\u00e9ment \u00e0 la section 25 du Media Act :<\/p>\n\n<p><strong>bios accademia - Dott.ssa Ernestina Mazza OG<\/strong><br\/>conosciuto anche con il marchio <strong>acad\u00e9mie bios<\/strong><br\/>Rue des mineurs 46\/1\/2<br\/>8010 Graz<br\/>Autriche<br\/><br\/>T\u00e9l\u00e9phone : 43 (0) 699 \/ 11 22 54 16<br\/>E-mail : <a href=\"mailto:info@akademiebios.eu\" target=\"_blank\" rel=\"noreferrer noopener\">info@akademiebios.eu<\/a><br\/>Web :<a href=\"https:\/\/www.akademiebios.eu\/\" target=\"_blank\" rel=\"noopener\"> www.akademiebios.eu<\/a><\/p>\n\n<p><br\/><strong>IDE :<\/strong> ATU 6849 4523 <br\/><strong>Luogo di giurisdizione :<\/strong> Graz-Ovest<br\/><strong>Numero di registrazione dell'azienda :<\/strong> FN 409990 b <br\/><strong>Autorit\u00e0 di vigilanza :<\/strong> LG per il diritto civile Graz (LG pour le droit civil)<br\/><strong>Cam\u00e9ra industrielle :<\/strong> WKO Styria &gt; Energia umana, libri e media editoriali, retail (generale), organizzazione di seminari<br\/><strong>Oggetto della societ\u00e0 :<\/strong> Educazione e formazione \/ educazione degli adulti nella promozione della salute, energia, sciamanesimo, carrozzeria, teoria degli archetipi, numerologia e molti altri, attivit\u00e0 editoriali con libri e media prodotti, commercio di prodotti di promozione della salute, pietre preziose, incenso, ecc., organizzazione seminario<\/p>\n\n<p><strong>Azionisti autorizzati a rappresentare :<\/strong> Come. - (FH) Signor Presidente, vorrei Clemens Mazza, Dott.ssa Ernestina Mazza<br\/><strong>Gestione :<\/strong> Come. - (FH) Signor Presidente, vorrei Clemens Mazza<br\/><strong>Gestione didattica dell'Accademia :<\/strong> Dott.ssa Ernestina Mazza<br\/><br\/><strong>Responsable du contenu \u00e9ditorial du blog :<\/strong> <strong> <\/strong><br\/>Dr. Ernestina Mazza, Bergmanngasse 46\/1\/2, 8010 Graz, Austria<\/p>\n\n<p><br\/><strong>Dati bancari Academy :<\/strong><br\/>Cassa di Risparmio della Stiria (Caisse d'\u00e9pargne de la Stiria)<br\/>IBAN : AT25 2081 5000 4001 9655<br\/>BIC : STSPAT2GXXX<\/p>\n\n<p><br\/><strong>bios<sup>\u00ae<\/sup> maison d'\u00e9dition<\/strong><br\/>un marchio di <strong>bios accademia - Dr. Ernestina Mazza OG<\/strong><br\/>VKNR : 120313, GLN : 9007981203131<\/p>\n\n<p>Rue des mineurs 46\/1\/2<br\/>8010 Graz<br\/>Autriche<br\/><br\/>Num\u00e9ro de t\u00e9l\u00e9phone : 43 (0) 699 \/ 1 777 9 111<br\/>E-mail : <a rel=\"noreferrer noopener\" href=\"mailto:verlag@akademiebios.eu\" target=\"_blank\">info@bios-shop.eu<\/a><br\/>Web : <a rel=\"noreferrer noopener\" href=\"https:\/\/www.akademiebios.eu\/buchbestellung\/\" target=\"_blank\">www.bios-shop.eu<\/a><\/p>\n\n<p><\/p>\n\n<p><strong>Editore di connessioni bancarie per clienti provenienti da Austria e Svizzera :<\/strong><br\/>Cassa di Risparmio della Stiria (Caisse d'\u00e9pargne de la Stiria)<br\/>IBAN : AT90 2081 5000 0696 6220<br\/>BIC : STSPAT2GXXX<br\/><br\/><strong>Editor di connessioni bancarie per clienti dalla Germania :<\/strong><br\/>Cassa di Risparmio della Stiria (Caisse d'\u00e9pargne de la Stiria)<br\/>IBAN : AT76 2081 5000 4002 8243<br\/>BIC : STSPAT2GXXX<\/p>\n\n<p>Piattaforma della Commissione europea sulla risoluzione delle controversie online :<br\/><a href=\"https:\/\/ec.europa.eu\/consumers\/odr\" rel=\"noreferrer noopener\" target=\"_blank\">https:\/\/ec.europa.eu\/consumers\/odr<\/a><br\/>Non siamo n\u00e9 obbligati n\u00e9 disposti a partecipare a una procedura di risoluzione delle controversie dinanzi a collegio arbitrale dei <strong>consumatori.<\/strong><br\/><br\/><\/p>\n\n<figure class=\"wp-block-image\"><a href=\"https:\/\/www.fairness-im-handel.de\/\" target=\"_blank\" rel=\"noreferrer noopener\"><img decoding=\"async\" src=\"https:\/\/www.akademiebios.eu\/wp-content\/uploads\/2018\/04\/logo-fairness.png\" alt=\"Initiative : Commerce \u00e9quitable\" title=\"\"><\/a><\/figure>\n\n<p>Membro dell'iniziativa \"Fairness in Trade\".<br\/>Informations sur l'initiative : <a rel=\"noreferrer noopener\" href=\"https:\/\/www.fairness-im-handel.de\/\" target=\"_blank\">https:\/\/www.fairness-im-handel.de<\/a><\/p>\n\n<p><\/p>\n\n<h2 class=\"wp-block-heading\"><strong>Concezione e progettazione del sito web<\/strong><\/h2>\n\n<p>Come. - (FH) Signor Presidente, vorrei Clemens Mazza, media designer<br\/><br\/><\/p>\n\n<h2 class=\"wp-block-heading\"><strong>Sorgenti di immagini<\/strong><\/h2>\n\n<p>Tutte le foto - ad eccezione di quella della dott.ssa Ernestina Mazza - sono www.fotolia.com dal database delle immagini e la loro fonte \u00e8 stata elencata nella rispettiva pagina sotto l'immagine. Si non si vede alcuna fonte, la rispettiva immagine proviene dal pubblico dominio.<\/p>\n\n<h4 class=\"wp-block-heading\">Origini delle immagini di copertina nel dispositivo di scorrimento :<\/h4>\n\n<p>1 - Donna all'alba : \u00a9 Maridav - stock.adobe.com<br\/>2 - Coppia sul prato : \u00a9 vectorfusionart - stock.adobe.com<br\/>3 - Deux femmes en coaching sur le divan \/ sedia : \u00a9 Katarzyna Bialasiewicz Photographee.eu - stock.adobe.com<br\/>4 - Donna siede sul molo in terra : \u00a9 XtravaganT - Fotolia<br\/>5 - Motivo di Natale con candela : \u00a9 drubig-foto - stock.adobe.com<\/p>\n\n<p><\/p>\n\n<h2 class=\"wp-block-heading\"><strong>diritti mpl d'autore<\/strong><\/h2>\n\n<p><strong> <\/strong>Tutti i diritti, in particolare il diritto di riproduzione e distribuzione, nonch\u00e9 la traduzione, sono riservati. Nessuna parte dell'opera pu\u00f2 essere riprodotta in alcuna forma, sia da processi fotomeccanici, tra cui fotocopia, microfilm o qualsiasi altro processo senza il permesso scritto dell'editore, n\u00e9 memorizzato, elaborato, riprodotto, distribuito o altrimenti utilizzato utilizzando sistemi elettronici, in particolare banche dati.<\/p>\n\n<p>Una copia privata dei contenuti \u00e8 consentita solo per scopi privati e non pubblicamente disponibile (secondo le sezioni 42 (1) e 4 della legge austriaca sul copyright).<\/p>\n\n<p><strong>I testi di questo sito web sono <\/strong>continuamente controllati automaticamente per copie di questo contenuto su altri siti<strong> web<\/strong> con il software di <a href=\"https:\/\/www.copyscape.com\/\" rel=\"noreferrer noopener\" target=\"_blank\"><strong>esame plagio en ligne Copyscape<\/strong>\n  \n<\/a> e plagio possono quindi essere rilevati - anche in parte o in una forma leggermente modificata. A questo proposito, ci riserviamo tutte le richieste di risarcimento in particolare per danni, eliminazione, omissione e pubblicazione delle sentenze.<br\/><\/p>","protected":false},"excerpt":{"rendered":"<p>Obbligo di fornire informazioni ai sensi della Sezione 5 del E-Commerce Act, Sezione 14 del Codice Societ\u00e0, Sezione 63 del Codice Commerciale e obbligo di divulgare secondo la Sezione 25 del Media Act: bios accademia &#8211; Dott.ssa Ernestina Mazza OGconosciuto anche con il marchio akademie bios\u00aeBergmanngasse 46\/1\/28010 GrazAustria Cellulare: 43 (0) 699 \/ 11 22 [&#8230;]\n","protected":false},"author":1,"featured_media":0,"parent":0,"menu_order":0,"comment_status":"closed","ping_status":"closed","template":"","meta":{"_acf_changed":false,"bwfblock_default_font":"","footnotes":""},"class_list":["post-8477","page","type-page","status-publish","hentry"],"acf":[],"_links":{"self":[{"href":"https:\/\/www.bios-shop.eu\/fr\/wp-json\/wp\/v2\/pages\/8477","targetHints":{"allow":["GET"]}}],"collection":[{"href":"https:\/\/www.bios-shop.eu\/fr\/wp-json\/wp\/v2\/pages"}],"about":[{"href":"https:\/\/www.bios-shop.eu\/fr\/wp-json\/wp\/v2\/types\/page"}],"author":[{"embeddable":true,"href":"https:\/\/www.bios-shop.eu\/fr\/wp-json\/wp\/v2\/users\/1"}],"replies":[{"embeddable":true,"href":"https:\/\/www.bios-shop.eu\/fr\/wp-json\/wp\/v2\/comments?post=8477"}],"version-history":[{"count":0,"href":"https:\/\/www.bios-shop.eu\/fr\/wp-json\/wp\/v2\/pages\/8477\/revisions"}],"wp:attachment":[{"href":"https:\/\/www.bios-shop.eu\/fr\/wp-json\/wp\/v2\/media?parent=8477"}],"curies":[{"name":"wp","href":"https:\/\/api.w.org\/{rel}","templated":true}]}}