
{"id":318,"date":"2018-11-15T12:48:15","date_gmt":"2018-11-15T12:48:15","guid":{"rendered":"https:\/\/www.bios-shop.eu\/widerrufsbelehrung\/"},"modified":"2020-07-06T16:11:03","modified_gmt":"2020-07-06T15:11:03","slug":"revocation-2","status":"publish","type":"page","link":"https:\/\/www.bios-shop.eu\/fr\/widerruf\/","title":{"rendered":"R\u00e9vocation"},"content":{"rendered":"<p>Les consommateurs disposent d'un droit de r\u00e9tractation conform\u00e9ment aux dispositions suivantes, le consommateur \u00e9tant toute personne physique qui conclut un acte juridique \u00e0 des fins qui, pour l'essentiel, ne peuvent \u00eatre imput\u00e9es ni \u00e0 son activit\u00e9 commerciale ni \u00e0 son activit\u00e9 professionnelle ind\u00e9pendante :<br><\/p>\n\n\n\n<h2 class=\"wp-block-heading\">A. Information sur le droit de r\u00e9tractation pour les consommateurs<\/h2>\n\n\n\n<h3 class=\"wp-block-heading\">Droit de r\u00e9tractation<\/h3>\n\n\n\n<p>Ces dispositions s'appliquent exclusivement aux clients qui sont des consommateurs au sens de la loi sur la protection des consommateurs (KSchG).<\/p>\n\n\n\n<p><strong>Nous accordons \u00e0 tous nos clients d'Autriche, d'Allemagne, de Suisse, d'Italie, de France, de Belgique, du Lichtenstein et du Luxembourg&nbsp;<\/strong><strong>le droit de r\u00e9silier le pr\u00e9sent contrat&nbsp;<\/strong><strong>de se r\u00e9tracter dans un d\u00e9lai de quatorze jours sans indication de motifs (droit de retour l\u00e9gal).<\/strong><\/p>\n\n\n\n<p>Le d\u00e9lai de r\u00e9tractation est de quatorze jours \u00e0 compter du jour o\u00f9 vous, ou un tiers autre que le transporteur et d\u00e9sign\u00e9 par vous, prenez ou avez pris possession du dernier produit.<\/p>\n\n\n\n<p>Pour exercer votre droit de r\u00e9tractation, vous devez nous informer (akademie bios - Dr. Ernestina Mazza OG, Bergmanngasse 46\/1\/2, 8010 Graz, Autriche, t\u00e9l. : +43 699 1 777 9 111, e-mail : info@akademiebios.eu) de votre d\u00e9cision de vous r\u00e9tracter du pr\u00e9sent contrat au moyen d'une d\u00e9claration sans \u00e9quivoque (par ex. une lettre envoy\u00e9e par la poste ou un e-mail). Vous pouvez utiliser \u00e0 cet effet le mod\u00e8le de formulaire de r\u00e9tractation ci-joint, qui n'est toutefois pas obligatoire.<\/p>\n\n\n\n<p>Pour que le d\u00e9lai de r\u00e9tractation soit respect\u00e9, il suffit que vous envoyiez la communication relative \u00e0 l'exercice du droit de r\u00e9tractation avant l'expiration du d\u00e9lai de r\u00e9tractation.<\/p>\n\n\n\n<h3 class=\"wp-block-heading\">Cons\u00e9quences de la r\u00e9vocation<\/h3>\n\n\n\n<p>En cas de r\u00e9tractation du pr\u00e9sent contrat, nous vous rembourserons tous les paiements re\u00e7us de vous, y compris les frais de livraison (\u00e0 l'exception des frais suppl\u00e9mentaires d\u00e9coulant du fait que vous avez choisi un mode de livraison autre que le mode moins co\u00fbteux de livraison standard propos\u00e9 par nous), sans retard excessif et au plus tard quatorze jours \u00e0 compter de la date \u00e0 laquelle nous aurons \u00e9t\u00e9 inform\u00e9s de votre d\u00e9cision de r\u00e9tractation du pr\u00e9sent contrat. Pour ce remboursement, nous utilisons le m\u00eame moyen de paiement que celui que vous avez utilis\u00e9 pour la transaction initiale, \u00e0 moins qu'il n'en ait \u00e9t\u00e9 express\u00e9ment convenu autrement avec vous ; en aucun cas, des frais ne vous seront factur\u00e9s pour ce remboursement. Nous pouvons refuser le remboursement jusqu'\u00e0 ce que nous ayons r\u00e9cup\u00e9r\u00e9 les marchandises ou jusqu'\u00e0 ce que vous ayez fourni la preuve que vous avez renvoy\u00e9 les marchandises, la date retenue \u00e9tant celle du premier de ces faits.<\/p>\n\n\n\n<p>Vous devrez renvoyer ou rendre le bien, \u00e0 nous ou \u00e0 Artha Verlagsauslieferung, Gr\u00fcntenseestr. 42, 87466, Oy-Mittelberg \/ Haslach, Allemagne, sans retard excessif et, en tout \u00e9tat de cause, au plus tard quatorze jours \u00e0 compter du jour o\u00f9 vous nous aurez communiqu\u00e9 votre d\u00e9cision de r\u00e9tractation du pr\u00e9sent contrat. Le d\u00e9lai est respect\u00e9 si vous renvoyez les marchandises avant l'expiration du d\u00e9lai de quatorze jours.<\/p>\n\n\n\n<p><strong>Vous devez prendre en charge les frais r\u00e9guliers de renvoi si la marchandise livr\u00e9e correspond \u00e0 celle command\u00e9e, si la marchandise a \u00e9t\u00e9 livr\u00e9e en parfait \u00e9tat et si le prix de la chose \u00e0 renvoyer ne d\u00e9passe pas un montant de 40 euros.<\/strong>&nbsp;Dans le cas contraire, le retour est gratuit pour vous. Dans ce cas, veuillez nous contacter.<\/p>\n\n\n\n<p>Les obligations de remboursement des paiements doivent \u00eatre remplies dans un d\u00e9lai de 30 jours. Le d\u00e9lai commence \u00e0 courir pour vous d\u00e8s l'envoi de votre d\u00e9claration de r\u00e9tractation ou de la marchandise, et pour nous d\u00e8s sa r\u00e9ception.<\/p>\n\n\n\n<p>Vous n'\u00eates tenu d'assumer la responsabilit\u00e9 d'une \u00e9ventuelle d\u00e9pr\u00e9ciation des biens que si cette d\u00e9pr\u00e9ciation est due \u00e0 une manipulation des biens qui n'est pas n\u00e9cessaire pour en v\u00e9rifier la nature, les caract\u00e9ristiques et le fonctionnement.<\/p>\n\n\n\n<h3 class=\"wp-block-heading\">Exclusion ou extinction pr\u00e9matur\u00e9e du droit de r\u00e9tractation<\/h3>\n\n\n\n<p>Il n'existe pas de droit de r\u00e9siliation ou de r\u00e9tractation au sens de la loi sur la protection des consommateurs (KSchG) pour les journaux, les revues et les magazines, ainsi que, en particulier, pour les contrats de livraison d'enregistrements audio ou vid\u00e9o dans un emballage scell\u00e9, si le sceau a \u00e9t\u00e9 retir\u00e9 apr\u00e8s la livraison.<\/p>\n\n\n\n<p><strong>Vous ne disposez pas d'un droit de r\u00e9tractation lorsque vous vous inscrivez \u00e0 un s\u00e9minaire, une conf\u00e9rence ou un stage.&nbsp;<\/strong>Si vous souhaitez annuler des inscriptions fermes \u00e0 des formations ou des cours, veuillez consulter nos conditions d'annulation pour les formations, les s\u00e9minaires, les supervisions et les accompagnements individuels dans les&nbsp;<a href=\"https:\/\/www.bios-shop.eu\/fr\/conditions-generales\/\">CONDITIONS G\u00c9N\u00c9RALES DE VENTE<\/a>.<\/p>\n\n\n\n<p><strong>Le droit de r\u00e9tractation expire de mani\u00e8re anticip\u00e9e pour les contrats de fourniture de contenu num\u00e9rique<\/strong>si nous avons commenc\u00e9 l'ex\u00e9cution du contrat apr\u00e8s que vous avez express\u00e9ment accept\u00e9 que nous commencions l'ex\u00e9cution du contrat avant l'expiration du d\u00e9lai de r\u00e9tractation et que vous nous avez confirm\u00e9 que vous aviez connaissance du fait que votre consentement entra\u00eene la perte de votre droit de r\u00e9tractation d\u00e8s le d\u00e9but de l'ex\u00e9cution du contrat. <\/p>\n\n\n\n<h3 class=\"wp-block-heading\">Remarques g\u00e9n\u00e9rales<\/h3>\n\n\n\n<p>1)&nbsp;<strong>Veuillez \u00e9viter d'endommager ou de salir la marchandise.&nbsp;<\/strong>Veuillez nous renvoyer la marchandise dans son emballage d'origine, avec tous les accessoires et tous les \u00e9l\u00e9ments d'emballage. Le cas \u00e9ch\u00e9ant, utilisez un suremballage de protection. Si vous ne poss\u00e9dez plus l'emballage d'origine, veuillez veiller \u00e0 une protection suffisante contre les dommages dus au transport en utilisant un emballage appropri\u00e9.<br>2)&nbsp;<strong>Ne nous renvoyez pas la marchandise en port d\u00fb.<\/strong>&nbsp;Si vous souhaitez que nous vous remboursions les frais de port, ce qui n'est possible que si la valeur de la marchandise est sup\u00e9rieure \u00e0 40 \u20ac ou en cas de d\u00e9faut de la marchandise, veuillez nous en informer et nous communiquer vos coordonn\u00e9es bancaires. Nous vous virerons ensuite les frais de port habituels.<br>3) Veuillez noter que les points 1-2 susmentionn\u00e9s ne sont pas une condition pr\u00e9alable \u00e0 l'exercice effectif du droit de r\u00e9tractation.<br><br><\/p>\n\n\n\n<h2 class=\"wp-block-heading\">B. Formulaire de r\u00e9tractation<\/h2>\n\n\n\n<p>Si vous souhaitez annuler le contrat, le mieux est de copier le texte ci-dessous dans un e-mail, de remplir les champs vides, de nous envoyer cet e-mail et de nous renvoyer la marchandise affranchie :<\/p>\n\n\n\n<p>\u00c0 l'adresse<\/p>\n\n\n\n<p>akademie bios - Dr. Ernestina Mazza OG<br>Rue des mineurs 46\/1\/2<br>8010 Graz<br>Autriche<br>Courrier \u00e9lectronique : info@akademiebios.eu<\/p>\n\n\n\n<p>Par la pr\u00e9sente, je\/nous (*) r\u00e9voque(ons) le contrat que j'ai\/nous avons (*) conclu pour l'achat des marchandises suivantes (*)\/la fourniture du service suivant (*)<\/p>\n\n\n\n<p>_______________________________________________________<\/p>\n\n\n\n<p>_______________________________________________________<\/p>\n\n\n\n<p>Command\u00e9 le (*) ____________ \/ re\u00e7u le (*) __________________<\/p>\n\n\n\n<p>________________________________________________________<br>Nom du\/des consommateur(s)<\/p>\n\n\n\n<p>________________________________________________________<br>Adresse du\/des consommateur(s)<\/p>\n\n\n\n<p>________________________________________________________<br>Signature du\/des consommateur(s) (uniquement en cas de communication sur papier)<\/p>\n\n\n\n<p>_________________________<br>Date<\/p>\n\n\n\n<p>(*) Biffer la mention inutile<\/p>","protected":false},"excerpt":{"rendered":"<p>Verbrauchern steht ein Widerrufsrecht nach folgender Ma\u00dfgabe zu, wobei Verbraucher jede nat\u00fcrliche Person ist, die ein Rechtsgesch\u00e4ft zu Zwecken abschlie\u00dft, die \u00fcberwiegend weder ihrer gewerblichen noch ihrer selbst\u00e4ndigen beruflichen T\u00e4tigkeit zugerechnet werden k\u00f6nnen: A. Widerrufsbelehrung f\u00fcr Verbraucher Widerrufsrecht Diese Bestimmungen gelten ausschlie\u00dflich f\u00fcr Kunden, die Verbraucher im Sinne des KSchG sind. Wir gew\u00e4hren allen unseren [&#8230;]\n","protected":false},"author":1,"featured_media":0,"parent":0,"menu_order":0,"comment_status":"closed","ping_status":"closed","template":"","meta":{"_acf_changed":false,"bwfblock_default_font":"","footnotes":""},"class_list":["post-318","page","type-page","status-publish","hentry"],"acf":[],"_links":{"self":[{"href":"https:\/\/www.bios-shop.eu\/fr\/wp-json\/wp\/v2\/pages\/318","targetHints":{"allow":["GET"]}}],"collection":[{"href":"https:\/\/www.bios-shop.eu\/fr\/wp-json\/wp\/v2\/pages"}],"about":[{"href":"https:\/\/www.bios-shop.eu\/fr\/wp-json\/wp\/v2\/types\/page"}],"author":[{"embeddable":true,"href":"https:\/\/www.bios-shop.eu\/fr\/wp-json\/wp\/v2\/users\/1"}],"replies":[{"embeddable":true,"href":"https:\/\/www.bios-shop.eu\/fr\/wp-json\/wp\/v2\/comments?post=318"}],"version-history":[{"count":0,"href":"https:\/\/www.bios-shop.eu\/fr\/wp-json\/wp\/v2\/pages\/318\/revisions"}],"wp:attachment":[{"href":"https:\/\/www.bios-shop.eu\/fr\/wp-json\/wp\/v2\/media?parent=318"}],"curies":[{"name":"wp","href":"https:\/\/api.w.org\/{rel}","templated":true}]}}