
{"id":361,"date":"2019-02-28T19:08:33","date_gmt":"2019-02-28T18:08:33","guid":{"rendered":"https:\/\/www.bios-shop.eu\/product\/innere-reisen-der-heilung\/"},"modified":"2025-12-22T15:03:32","modified_gmt":"2025-12-22T14:03:32","slug":"viajes-interiores-de-sanacion","status":"publish","type":"product","link":"https:\/\/www.bios-shop.eu\/es\/produkt\/innere-reisen-der-heilung\/","title":{"rendered":"Viajes interiores de sanaci\u00f3n"},"content":{"rendered":"<p><span style=\"font-weight: 400;\"><\/span><\/p>\n<h2>Descripci\u00f3n<\/h2>\n<h3><strong>CD de acompa\u00f1amiento del libro: El camino hacia la independencia emocional<\/strong><\/h3>\n<p>Una imagen vale m\u00e1s que mil palabras. Las impresionantes im\u00e1genes interiores de estas meditaciones crean la sensaci\u00f3n de ser el creador de tu propia vida. Son un valioso apoyo cuando queremos cambiar algo en nuestra vida.<\/p>\n<p>Al despertar al observador interior, aumentar la conciencia corporal y abrir el acceso a sus propias emociones, estos viajes le ayudan a desprenderse de lo viejo y abrirse a lo nuevo.<\/p>\n<p>Soltar patrones estancados, desarrollar su capacidad de relaci\u00f3n y su propia empat\u00eda son los principales objetivos de estos CD, que son un acompa\u00f1amiento ideal para el libro \"El camino hacia la independencia emocional\".<\/p>\n<h2 style=\"padding-top:25px;\">Contenido<\/strong><\/h2>\n<p><strong>1a ed. Dic. 2013, 9 meditaciones guiadas con m\u00fasica y ambiente.<\/strong><br \/>\n<strong>2 Audio-CD, total: 111 min:<\/strong><\/p>\n<p><strong>CD 1<\/strong><br \/>\n1. reconciliaci\u00f3n sanadora con la fase prenatal y el nacimiento (8:16 min.)<br \/>\n2. activar el observador interior (15:41 min.)<br \/>\n3. experimentar el flujo emocional de forma armoniosa (17:02 min.)<br \/>\n4. encuentro con la mujer interior y el hombre interior (14:54 min.)<br \/>\nTotal: 56 min.<\/p>\n<p><strong>CD 2<\/strong><br \/>\n1. sentir el alma a trav\u00e9s del cuerpo (10:33 min.)<br \/>\n2. reconciliaci\u00f3n con la l\u00ednea ancestral (10:33 min.)<br \/>\n3. vencer las resistencias internas y externas (13:21 min.)<br \/>\n4. sanar y desarrollar la capacidad de relacionarse (12:43 min.)<br \/>\n5. la empat\u00eda como clave del amor (8:07 min.)<br \/>\nTotal: 55 min.<\/p>\n<p><strong>Libreto para doble CD:<\/strong>\u00a0<a href=\"https:\/\/www.bios-shop.eu\/wp-content\/uploads\/CD-Booklet_Innere-Reisen-der-Heilung.pdf\" target=\"_blank\" rel=\"noopener\">Viajes interiores de sanaci\u00f3n en PDF<\/a><\/p>","protected":false},"excerpt":{"rendered":"<p>Soltar patrones atascados, desarrollar la capacidad de relacionarse y la propia empat\u00eda son los objetivos de estos 2 CD con meditaciones guiadas.<\/p>\n<p><strong>1a ed. Dic. 2013, 2 CD audio, 9 meditaciones guiadas, total: 111 min.<\/strong><\/p>\n<p>ISBN: 978-3-9503085-7-0<\/p>\n<p>&nbsp;<\/p>","protected":false},"featured_media":453,"comment_status":"open","ping_status":"closed","template":"","meta":{"_acf_changed":false,"bwfblock_default_font":""},"product_brand":[],"product_cat":[101],"product_tag":[247,337,85],"class_list":{"0":"post-361","1":"product","2":"type-product","3":"status-publish","4":"has-post-thumbnail","6":"product_cat-medien","7":"product_tag-persoenlichkeitsentwicklung","8":"product_tag-meditation","9":"product_tag-mental-und-empathietraining","10":"product_shipping_class-physical-products","12":"first","13":"instock","14":"taxable","15":"shipping-taxable","16":"purchasable","17":"product-type-simple"},"bundled_by":[],"bundle_stock_status":"instock","bundle_stock_quantity":null,"bundle_virtual":false,"bundle_layout":"","bundle_add_to_cart_form_location":"","bundle_editable_in_cart":false,"bundle_sold_individually_context":"","bundle_item_grouping":"","bundle_min_size":"","bundle_max_size":"","bundle_price":[],"bundled_items":[],"bundle_sell_ids":[],"acf":[],"_links":{"self":[{"href":"https:\/\/www.bios-shop.eu\/es\/wp-json\/wp\/v2\/product\/361","targetHints":{"allow":["GET"]}}],"collection":[{"href":"https:\/\/www.bios-shop.eu\/es\/wp-json\/wp\/v2\/product"}],"about":[{"href":"https:\/\/www.bios-shop.eu\/es\/wp-json\/wp\/v2\/types\/product"}],"replies":[{"embeddable":true,"href":"https:\/\/www.bios-shop.eu\/es\/wp-json\/wp\/v2\/comments?post=361"}],"wp:featuredmedia":[{"embeddable":true,"href":"https:\/\/www.bios-shop.eu\/es\/wp-json\/wp\/v2\/media\/453"}],"wp:attachment":[{"href":"https:\/\/www.bios-shop.eu\/es\/wp-json\/wp\/v2\/media?parent=361"}],"wp:term":[{"taxonomy":"product_brand","embeddable":true,"href":"https:\/\/www.bios-shop.eu\/es\/wp-json\/wp\/v2\/product_brand?post=361"},{"taxonomy":"product_cat","embeddable":true,"href":"https:\/\/www.bios-shop.eu\/es\/wp-json\/wp\/v2\/product_cat?post=361"},{"taxonomy":"product_tag","embeddable":true,"href":"https:\/\/www.bios-shop.eu\/es\/wp-json\/wp\/v2\/product_tag?post=361"}],"curies":[{"name":"wp","href":"https:\/\/api.w.org\/{rel}","templated":true}]}}