
{"id":353,"date":"2019-02-28T19:08:29","date_gmt":"2019-02-28T18:08:29","guid":{"rendered":"https:\/\/www.bios-shop.eu\/product\/der-weg-zur-inneren-harmonie\/"},"modified":"2025-12-22T16:16:02","modified_gmt":"2025-12-22T15:16:02","slug":"el-camino-a-la-armonia-interna","status":"publish","type":"product","link":"https:\/\/www.bios-shop.eu\/es\/produkt\/der-weg-zur-inneren-harmonie\/","title":{"rendered":"El camino hacia la armon\u00eda interior"},"content":{"rendered":"<p><span style=\"font-weight: 400;\"><\/span><\/p>\n<h2>Descripci\u00f3n<\/h2>\n<h3><strong>CD 1: El camino hacia la armon\u00eda interior<\/strong><\/h3>\n<p>Estas meditaciones guiadas acompa\u00f1an nuestra alma a la contemplaci\u00f3n y nos permiten volver a sentir las profundidades de nuestra alma. A trav\u00e9s de la experiencia del silencio, nos conducen a esas poderosas im\u00e1genes interiores del centro del coraz\u00f3n que acompa\u00f1an eficazmente nuestra curaci\u00f3n interior en el inconsciente. Estas meditaciones con im\u00e1genes arquet\u00edpicas y m\u00fasica especial nos permiten estar presentes, atentos y sanados en nuestro coraz\u00f3n. La inmersi\u00f3n en el silencio acompa\u00f1a al autoconocimiento, es pr\u00e1ctica y puede integrarse f\u00e1cilmente en la vida cotidiana.<\/p>\n<h2 style=\"padding-top:25px;\">Contenido<\/strong><\/h2>\n<p align=\"left\">1. reconciliaci\u00f3n con nuestras ra\u00edces (20 min.)<br \/>\n2. la familia interior: el ni\u00f1o interior, la mujer interior y el hombre interior unidos (28 min.)<br \/>\n<strong>Total: 48 minutos<\/strong><\/p>\n<p><strong>Folleto del CD:\u00a0<\/strong><a href=\"https:\/\/www.bios-shop.eu\/wp-content\/uploads\/CD-Booklet_Seelenreisen-CD-1.pdf\" target=\"_blank\" rel=\"noopener\">El camino hacia la armon\u00eda interior en PDF<\/a><\/p>\n<p>&nbsp;<\/p>","protected":false},"excerpt":{"rendered":"<p>La armon\u00eda interior nos hace sentir el ritmo de la vida dentro de nosotros. Somos libres, abiertos y estamos en contacto con nuestro poder. S\u00f3lo cuando todas las fuerzas est\u00e1n en armon\u00eda, la fuerte y la suave, la femenina y la masculina, la apasionada y la espiritual, nos sentimos en flujo con la vida y uno con la transformaci\u00f3n de nuestra existencia.<\/p>\n<p align=\"left\"><strong>2 meditaciones guiadas, total: 48 minutos<\/strong><\/p>\n<p>ISBN: 978-3-9503085-0-1<\/p>","protected":false},"featured_media":452,"comment_status":"open","ping_status":"closed","template":"","meta":{"_acf_changed":false,"bwfblock_default_font":""},"product_brand":[],"product_cat":[101],"product_tag":[85,247,337],"class_list":{"0":"post-353","1":"product","2":"type-product","3":"status-publish","4":"has-post-thumbnail","6":"product_cat-medien","7":"product_tag-mental-und-empathietraining","8":"product_tag-persoenlichkeitsentwicklung","9":"product_tag-meditation","10":"product_shipping_class-physical-products","12":"first","13":"instock","14":"taxable","15":"shipping-taxable","16":"purchasable","17":"product-type-simple"},"bundled_by":[],"bundle_stock_status":"instock","bundle_stock_quantity":null,"bundle_virtual":false,"bundle_layout":"","bundle_add_to_cart_form_location":"","bundle_editable_in_cart":false,"bundle_sold_individually_context":"","bundle_item_grouping":"","bundle_min_size":"","bundle_max_size":"","bundle_price":[],"bundled_items":[],"bundle_sell_ids":[],"acf":[],"_links":{"self":[{"href":"https:\/\/www.bios-shop.eu\/es\/wp-json\/wp\/v2\/product\/353","targetHints":{"allow":["GET"]}}],"collection":[{"href":"https:\/\/www.bios-shop.eu\/es\/wp-json\/wp\/v2\/product"}],"about":[{"href":"https:\/\/www.bios-shop.eu\/es\/wp-json\/wp\/v2\/types\/product"}],"replies":[{"embeddable":true,"href":"https:\/\/www.bios-shop.eu\/es\/wp-json\/wp\/v2\/comments?post=353"}],"wp:featuredmedia":[{"embeddable":true,"href":"https:\/\/www.bios-shop.eu\/es\/wp-json\/wp\/v2\/media\/452"}],"wp:attachment":[{"href":"https:\/\/www.bios-shop.eu\/es\/wp-json\/wp\/v2\/media?parent=353"}],"wp:term":[{"taxonomy":"product_brand","embeddable":true,"href":"https:\/\/www.bios-shop.eu\/es\/wp-json\/wp\/v2\/product_brand?post=353"},{"taxonomy":"product_cat","embeddable":true,"href":"https:\/\/www.bios-shop.eu\/es\/wp-json\/wp\/v2\/product_cat?post=353"},{"taxonomy":"product_tag","embeddable":true,"href":"https:\/\/www.bios-shop.eu\/es\/wp-json\/wp\/v2\/product_tag?post=353"}],"curies":[{"name":"wp","href":"https:\/\/api.w.org\/{rel}","templated":true}]}}