
{"id":14872,"date":"2024-11-07T20:17:22","date_gmt":"2024-11-07T19:17:22","guid":{"rendered":"https:\/\/www.bios-shop.eu\/?post_type=product&#038;p=14872"},"modified":"2025-12-22T15:36:05","modified_gmt":"2025-12-22T14:36:05","slug":"apoyo-al-embarazo","status":"publish","type":"product","link":"https:\/\/www.bios-shop.eu\/es\/produkt\/schwangerschaftsbegleitung\/","title":{"rendered":"Apoyo psicol\u00f3gico y energ\u00e9tico durante el embarazo y el parto"},"content":{"rendered":"<div><\/div>\n<div>Los distintos m\u00f3dulos proporcionan conocimientos te\u00f3ricos y pr\u00e1cticos sobre los temas fundamentales del embarazo, el parto y la maternidad. Estos conocimientos permiten a las participantes apoyar a sus clientas con sensibilidad y \u00e9xito durante esta emocionante etapa. El programa de ejercicios tambi\u00e9n proporciona una base perfecta para el trabajo personal en casa: las graduadas tienen la oportunidad de responsabilizarse de su propio autocuidado y fortalecer su estado energ\u00e9tico y mental en el proceso.<\/div>\n<div><\/div>\n<div>Cada m\u00f3dulo del curso abarca un tema central espec\u00edfico, como la importancia del embarazo, el papel de la madre y el ni\u00f1o y el fen\u00f3meno del nacimiento. Cada tema central se presenta desde una perspectiva psicol\u00f3gica, sist\u00e9mica y energ\u00e9tica en combinaci\u00f3n con conocimientos del chamanismo, la medicina tradicional china y la teor\u00eda de los chakras. De este modo, los participantes obtienen una visi\u00f3n amplia, fundamentada y profunda de estos \u00e1mbitos. Los conocimientos te\u00f3ricos se complementan con la ense\u00f1anza de procedimientos de tratamiento eficaces que cubren las necesidades m\u00e1s diversas de las mujeres: por ejemplo, se presentan rituales y ejercicios f\u00edsicos de las tradiciones tao\u00edsta y Qigong que mejoran el estado f\u00edsico, mental y energ\u00e9tico de las mujeres de forma sostenible y en el menor tiempo posible.<\/div>\n<div><\/div>\n<div>\n<h2>Contenido<\/h2>\n<h3>M\u00f3dulo 1: Comprender y acompa\u00f1ar con amor el embarazo<\/h3>\n<ul type=\"disc\">\n<li>Introducci\u00f3n a la visi\u00f3n energ\u00e9tica, cham\u00e1nica, psicol\u00f3gica y de la MTC del nacimiento y el parto.<\/li>\n<li>Debate sobre el embarazo como fuerza de cambio<\/li>\n<li>El embarazo como fuerza de transformaci\u00f3n: el nacimiento y el parto desde una perspectiva energ\u00e9tica, cham\u00e1nica, psicol\u00f3gica y relacionada con la MTC.<\/li>\n<li>Ejercicios, tratamientos energ\u00e9ticos, rituales, ejercicios de relajaci\u00f3n y meditaciones guiadas para tomar conciencia del propio cuerpo durante el embarazo y el parto.<\/li>\n<\/ul>\n<h3>M\u00f3dulo 2: Conciencia y percepci\u00f3n del cuerpo<\/h3>\n<ul type=\"disc\">\n<li>Ejercicios para tomar conciencia de tu propio cuerpo durante el embarazo.<\/li>\n<li>Ejercicios de relajaci\u00f3n y meditaciones guiadas para embarazadas.<\/li>\n<\/ul>\n<h3>M\u00f3dulo 3: Reforzar los recursos internos<\/h3>\n<ul type=\"disc\">\n<li>Rituales y t\u00e9cnicas de curaci\u00f3n cham\u00e1nica para prepararse para el embarazo.<\/li>\n<li>M\u00e9todos de autotratamiento para reforzar los recursos internos.<\/li>\n<\/ul>\n<h3>M\u00f3dulo 4: Primera fase del embarazo - llegar y comprender<\/h3>\n<ul type=\"disc\">\n<li>Introducci\u00f3n al embarazo como fuerza transformadora desde diferentes perspectivas culturales y m\u00e9dicas.<\/li>\n<li>Ejercicios y meditaciones guiadas para el conocimiento consciente del cuerpo y la aceptaci\u00f3n de los primeros cambios.<\/li>\n<li>Rituales y tratamientos energ\u00e9ticos para fortalecer los cimientos f\u00edsicos y emocionales para los pr\u00f3ximos meses.<\/li>\n<li>Inicio del trabajo ancestral para activar conexiones de apoyo y fuerza para el embarazo.<\/li>\n<\/ul>\n<h3>M\u00f3dulo 5: Segunda fase del embarazo: crecimiento y vinculaci\u00f3n afectiva<\/h3>\n<ul type=\"disc\">\n<li>Profundizar en los ejercicios de conciencia corporal centr\u00e1ndose en la conexi\u00f3n con el ni\u00f1o en crecimiento.<\/li>\n<li>Rituales y meditaciones espec\u00edficos para la mitad del embarazo para reforzar el v\u00ednculo con el ni\u00f1o y consolidar tu propio centro.<\/li>\n<li>Continuaci\u00f3n del trabajo ancestral e integraci\u00f3n de t\u00e9cnicas de sanaci\u00f3n cham\u00e1nica en preparaci\u00f3n para el parto.<\/li>\n<li>Ejercicios de yoga y Qigong para apoyar el creciente cambio f\u00edsico y mantener una sensaci\u00f3n de fuerza \"fluida\".<\/li>\n<\/ul>\n<h3>M\u00f3dulo 6: Tercera fase del embarazo - preparaci\u00f3n al parto<\/h3>\n<ul type=\"disc\">\n<li>El proceso del parto como empoderamiento personal<\/li>\n<li>Maternidad: apoyar energ\u00e9ticamente el proceso de vinculaci\u00f3n con el reci\u00e9n nacido<\/li>\n<li>Centrarse en la preparaci\u00f3n energ\u00e9tica para el proceso de nacimiento como un acto de empoderamiento personal.<\/li>\n<li>Meditaciones y visualizaciones avanzadas para las \u00faltimas semanas antes del parto para fomentar la calma y la confianza.<\/li>\n<li>Rituales finales y tratamientos energ\u00e9ticos para prepararse para el pr\u00f3ximo parto y la maternidad.<\/li>\n<li>El proceso del parto como empoderamiento personal.<\/li>\n<li>Apoyo energ\u00e9tico del proceso de vinculaci\u00f3n con el reci\u00e9n nacido.<\/li>\n<li>Ejercicios espec\u00edficos de yoga y Qigong para fortalecer el cuerpo y la mente de cara al parto.<\/li>\n<\/ul>\n<h3>M\u00f3dulo 7: El trabajo de los antepasados durante el embarazo<\/h3>\n<ul type=\"disc\">\n<li>T\u00e9cnicas de trabajo con antepasados como recurso durante el embarazo y el parto.<\/li>\n<\/ul>\n<h3>M\u00f3dulo 8: Yoga y Qigong para un embarazo potente<\/h3>\n<ul type=\"disc\">\n<li>Ejercicios de yoga y Qigong para fortalecer el cuerpo.<\/li>\n<li>Ejercicios tao\u00edstas y mudras para crear una protecci\u00f3n estable.<\/li>\n<\/ul>\n<h3>M\u00f3dulo 9: Apoyo energ\u00e9tico postnatal<\/h3>\n<ul type=\"disc\">\n<li>Tratamientos energ\u00e9ticos y rituales para el inicio de la maternidad.<\/li>\n<li>Ejercicios y meditaciones para acompa\u00f1ar los procesos de cambio en el cuerpo despu\u00e9s del parto.<\/li>\n<li>Tratamientos energ\u00e9ticos, ejercicios y rituales para iniciar la maternidad con equilibrio y fuerza interior<\/li>\n<li>Tratamientos energ\u00e9ticos, ejercicios, rituales y meditaciones para acompa\u00f1ar y apoyar los procesos de cambio en el cuerpo despu\u00e9s del nacimiento en su curso natural.<\/li>\n<\/ul>\n<h3>M\u00f3dulo 10: Reforzar el v\u00ednculo entre madre e hijo<\/h3>\n<ul>\n<li>Ejercicios, rituales, meditaciones, t\u00e9cnicas de entrenamiento mental para reforzar el v\u00ednculo entre madre e hijo.<\/li>\n<li>Ejercicios de relajaci\u00f3n, im\u00e1genes interiores y viajes de fantas\u00eda para relajarse, fomentar la serenidad y fortalecer la fuerza f\u00edsica y mental.<\/li>\n<li>Apoyo energ\u00e9tico para partos traum\u00e1ticos, as\u00ed como ejercicios, tratamientos energ\u00e9ticos y rituales para promover la regeneraci\u00f3n y fortalecer la confianza en su propio cuerpo.<\/li>\n<\/ul>\n<h3>M\u00f3dulo 11: Curaci\u00f3n y regeneraci\u00f3n despu\u00e9s del nacimiento<\/h3>\n<ul type=\"disc\">\n<li>Apoyo en la curaci\u00f3n tras un parto traum\u00e1tico.<\/li>\n<li>Ejercicios y rituales regenerativos para reforzar la confianza en el propio cuerpo<\/li>\n<li>Ejercicios, rituales, meditaciones, viajes de fantas\u00eda, as\u00ed como ejercicios de entrenamiento mental y creatividad para acompa\u00f1arte a lo largo de las cuatro fases del embarazo.<\/li>\n<\/ul>\n<p>&nbsp;<\/p>\n<p><a href=\"https:\/\/www.akademiebios.eu\/seminar-schwangerschaft-geburt-begleitung\/\" target=\"_blank\" rel=\"noopener\">M\u00e1s informaci\u00f3n y fechas aqu\u00ed.<\/a><\/p>\n<\/div>","protected":false},"excerpt":{"rendered":"<p>Seminario: Apoyo psicol\u00f3gico y energ\u00e9tico durante el embarazo y el parto<\/p>","protected":false},"featured_media":14873,"comment_status":"open","ping_status":"closed","template":"","meta":{"_acf_changed":false,"bwfblock_default_font":""},"product_brand":[],"product_cat":[102],"product_tag":[247,348],"class_list":{"0":"post-14872","1":"product","2":"type-product","3":"status-publish","4":"has-post-thumbnail","6":"product_cat-kurse","7":"product_tag-persoenlichkeitsentwicklung","8":"product_tag-frauenarbeit","10":"first","11":"instock","12":"virtual","13":"taxable","14":"purchasable","15":"product-type-simple"},"bundled_by":[],"bundle_stock_status":"instock","bundle_stock_quantity":null,"bundle_virtual":false,"bundle_layout":"","bundle_add_to_cart_form_location":"","bundle_editable_in_cart":false,"bundle_sold_individually_context":"","bundle_item_grouping":"","bundle_min_size":"","bundle_max_size":"","bundle_price":[],"bundled_items":[],"bundle_sell_ids":[],"acf":[],"_links":{"self":[{"href":"https:\/\/www.bios-shop.eu\/es\/wp-json\/wp\/v2\/product\/14872","targetHints":{"allow":["GET"]}}],"collection":[{"href":"https:\/\/www.bios-shop.eu\/es\/wp-json\/wp\/v2\/product"}],"about":[{"href":"https:\/\/www.bios-shop.eu\/es\/wp-json\/wp\/v2\/types\/product"}],"replies":[{"embeddable":true,"href":"https:\/\/www.bios-shop.eu\/es\/wp-json\/wp\/v2\/comments?post=14872"}],"wp:featuredmedia":[{"embeddable":true,"href":"https:\/\/www.bios-shop.eu\/es\/wp-json\/wp\/v2\/media\/14873"}],"wp:attachment":[{"href":"https:\/\/www.bios-shop.eu\/es\/wp-json\/wp\/v2\/media?parent=14872"}],"wp:term":[{"taxonomy":"product_brand","embeddable":true,"href":"https:\/\/www.bios-shop.eu\/es\/wp-json\/wp\/v2\/product_brand?post=14872"},{"taxonomy":"product_cat","embeddable":true,"href":"https:\/\/www.bios-shop.eu\/es\/wp-json\/wp\/v2\/product_cat?post=14872"},{"taxonomy":"product_tag","embeddable":true,"href":"https:\/\/www.bios-shop.eu\/es\/wp-json\/wp\/v2\/product_tag?post=14872"}],"curies":[{"name":"wp","href":"https:\/\/api.w.org\/{rel}","templated":true}]}}