
{"id":14405,"date":"2024-06-06T22:24:31","date_gmt":"2024-06-06T21:24:31","guid":{"rendered":"https:\/\/www.bios-shop.eu\/produkt\/energetische-begleitung-beim-kinderwunsch\/"},"modified":"2025-12-22T15:31:12","modified_gmt":"2025-12-22T14:31:12","slug":"apoyo-energico-al-deseo-de-tener-hijos","status":"publish","type":"product","link":"https:\/\/www.bios-shop.eu\/es\/produkt\/energetische-begleitung-beim-kinderwunsch\/","title":{"rendered":"Apoyo energ\u00e9tico al deseo de tener hijos"},"content":{"rendered":"<p><span style=\"color: #000000;\">El cuerpo femenino, con sus formas redondeadas, sus movimientos flexibles y su forma acogedora, inspira seguridad, comprensi\u00f3n maternal, compasi\u00f3n, amor y fuerza.<\/span><\/p>\n<p><span style=\"color: #000000;\">El cuerpo femenino es un regalo para toda mujer. Por su forma, recuerda a un jarr\u00f3n, donde tiene lugar la alquimia de la vida y una nueva existencia madura en la vida hasta el d\u00eda en que ve la luz del d\u00eda. La mujer, como guardiana del secreto de la vida, est\u00e1 profundamente ligada a su fertilidad.<\/span><\/p>\n<p><span style=\"color: #000000;\">Sentir el deseo de tener un hijo conecta a la mujer con un profundo anhelo de transmitir la vida y experimentar la maternidad. El trasfondo, los tratamientos energ\u00e9ticos y los rituales que aprender\u00e1s en este seminario te ayudar\u00e1n a acompa\u00f1ar a las mujeres de forma consciente y amorosa en este anhelo, b\u00fasqueda y camino hacia y por un hijo.<\/span><\/p>\n<p><span style=\"color: #000000;\">Veremos y aprenderemos a comprender el tema del deseo de tener hijos desde diferentes perspectivas: la medicina tradicional china y las ense\u00f1anzas indias sobre los chakras, el trabajo corporal energ\u00e9tico y craneosacral, las ense\u00f1anzas arquet\u00edpicas femeninas y el coaching orientado a la b\u00fasqueda de soluciones constituyen los pilares te\u00f3ricos de este curso de formaci\u00f3n.<\/span><\/p>\n<p><span style=\"color: #000000;\">Se presentar\u00e1n enfoques, rituales y t\u00e9cnicas \u00fatiles y eficaces de cada una de estas disciplinas y m\u00e9todos para apoyar a las mujeres de forma cari\u00f1osa y comprensiva con este tema tan importante y delicado.<\/span><\/p>\n<h2 style=\"padding-top: 25px;\"><span style=\"color: #000000;\">Contenido del seminario de formaci\u00f3n<\/span><\/h2>\n<p><span style=\"color: #000000;\"><b>M\u00f3dulo 1: El deseo de tener hijos como proceso de crecimiento<\/b><\/span><\/p>\n<ul>\n<li><span style=\"color: #000000;\">El trasfondo y los aspectos psicol\u00f3gicos, energ\u00e9ticos, relacionados con la MTC y cham\u00e1nicos del deseo de tener hijos.<\/span><\/li>\n<li><span style=\"color: #000000;\">La fertilidad como met\u00e1fora<\/span><\/li>\n<li><span style=\"color: #000000;\">Fertilidad e infertilidad desde una perspectiva psicol\u00f3gica, simb\u00f3lica, energ\u00e9tica, cham\u00e1nica y k\u00e1rmica.<\/span><\/li>\n<li><span style=\"color: #000000;\">Formas de desarrollar el poder creativo del alma y la fertilidad f\u00edsica<\/span><\/li>\n<\/ul>\n<p><span style=\"color: #000000;\"><b>M\u00f3dulo 2: Afrontar conscientemente el propio proceso de parto como forma de satisfacer el deseo de tener hijos<\/b><\/span><\/p>\n<ul>\n<li><span style=\"color: #000000;\">Comprender la propia fase prenatal y el parto: El cuerpo y el alma recuerdan<\/span><\/li>\n<li><span style=\"color: #000000;\">Meditaciones guiadas para experimentar la fase prenatal y el proceso del parto de una forma simb\u00f3licamente sanadora y para sentirlo como un camino hacia el despliegue de la creatividad personal.<\/span><\/li>\n<li><span style=\"color: #000000;\">Comprender el impacto energ\u00e9tico, emocional y f\u00edsico de las ces\u00e1reas, los partos bruscos y otros acontecimientos y circunstancias del parto, y reconocer su papel en el deseo de tener hijos.<\/span><\/li>\n<\/ul>\n<p><span style=\"color: #000000;\"><b>M\u00f3dulo 3: Apoyo energ\u00e9tico consciente y competente para mujeres y hombres que desean tener hijos<\/b><\/span><\/p>\n<ul>\n<li><span style=\"color: #000000;\">El trasfondo psicol\u00f3gico, energ\u00e9tico, relacionado con la MTC y cham\u00e1nico de la fertilidad, la infertilidad y el deseo de tener hijos.<\/span><\/li>\n<li><span style=\"color: #000000;\">Ejercicios, rituales, tratamientos, autotratamientos y t\u00e9cnicas de curaci\u00f3n cham\u00e1nica para ayudar a mujeres y hombres a comprender el deseo de tener hijos y las cuestiones relacionadas y acompa\u00f1arlas conscientemente con conocimientos energ\u00e9ticos, rituales y de MTC.<\/span><\/li>\n<\/ul>\n<p><span style=\"color: #000000;\"><b>M\u00f3dulo 4: Ejercicios corporales energ\u00e9ticos<\/b><\/span><\/p>\n<ul>\n<li><span style=\"color: #000000;\">Yoga, ejercicios tao\u00edstas, mudra y autotratamientos para fortalecer el cuerpo y el alma al intentar concebir<\/span><\/li>\n<\/ul>\n<p>&nbsp;<\/p>\n<p><span style=\"color: #000000;\">Todos los detalles sobre el taller y las fechas actuales pueden consultarse aqu\u00ed:<br \/>\n<a href=\"https:\/\/www.akademiebios.eu\/seminar-kinderwunsch\/\" target=\"_blank\" rel=\"noopener\">https:\/\/www.akademiebios.eu\/seminar-kinderwunsch\/<\/a><br \/>\n<\/span><\/p>\n<p><span style=\"color: #000000;\">Dott.ssa. Mag. Dipl. P\u00e4d.; autora, directora de seminarios, coach y asesora social y de vida.<\/span><\/p>\n<p><span style=\"color: #000000;\">Llevo 20 a\u00f1os acompa\u00f1ando a personas en su camino en formaciones, seminarios y sesiones individuales. En mis libros y blogs comparto contigo mis conocimientos y mi gran experiencia.<\/span><\/p>\n<p><span style=\"color: #000000;\">Quiero ayudarte a reconocer tu singularidad y a vivir tu potencial.<\/span><\/p>\n<h2 style=\"padding-top: 25px;\"><span style=\"color: #000000;\">Puede obtener m\u00e1s informaci\u00f3n sobre m\u00ed en:<\/span><\/h2>\n<p><span style=\"color: #000000;\"><a style=\"color: #000000;\" href=\"https:\/\/www.akademiebios.eu\/ernestina-mazza\/\" target=\"_blank\" rel=\"noopener\">https:\/\/www.akademiebios.eu\/ernestina-mazza\/<\/a><\/span><\/p>","protected":false},"excerpt":{"rendered":"<p>En este seminario, el tema del deseo de tener hijos se considerar\u00e1 desde varias perspectivas y se presentar\u00e1n enfoques, rituales y t\u00e9cnicas \u00fatiles y eficaces de las siguientes disciplinas y m\u00e9todos: Medicina tradicional china (MTC) y ense\u00f1anzas indias sobre los chakras, trabajo corporal energ\u00e9tico y craneosacral, ense\u00f1anzas arquet\u00edpicas femeninas, coaching orientado a la soluci\u00f3n.<\/p>","protected":false},"featured_media":14407,"comment_status":"open","ping_status":"closed","template":"","meta":{"_acf_changed":false,"bwfblock_default_font":""},"product_brand":[],"product_cat":[102],"product_tag":[247],"class_list":{"0":"post-14405","1":"product","2":"type-product","3":"status-publish","4":"has-post-thumbnail","6":"product_cat-kurse","7":"product_tag-persoenlichkeitsentwicklung","9":"first","10":"instock","11":"virtual","12":"taxable","13":"purchasable","14":"product-type-simple"},"bundled_by":[],"bundle_stock_status":"instock","bundle_stock_quantity":null,"bundle_virtual":false,"bundle_layout":"","bundle_add_to_cart_form_location":"","bundle_editable_in_cart":false,"bundle_sold_individually_context":"","bundle_item_grouping":"","bundle_min_size":"","bundle_max_size":"","bundle_price":[],"bundled_items":[],"bundle_sell_ids":[],"acf":[],"_links":{"self":[{"href":"https:\/\/www.bios-shop.eu\/es\/wp-json\/wp\/v2\/product\/14405","targetHints":{"allow":["GET"]}}],"collection":[{"href":"https:\/\/www.bios-shop.eu\/es\/wp-json\/wp\/v2\/product"}],"about":[{"href":"https:\/\/www.bios-shop.eu\/es\/wp-json\/wp\/v2\/types\/product"}],"replies":[{"embeddable":true,"href":"https:\/\/www.bios-shop.eu\/es\/wp-json\/wp\/v2\/comments?post=14405"}],"wp:featuredmedia":[{"embeddable":true,"href":"https:\/\/www.bios-shop.eu\/es\/wp-json\/wp\/v2\/media\/14407"}],"wp:attachment":[{"href":"https:\/\/www.bios-shop.eu\/es\/wp-json\/wp\/v2\/media?parent=14405"}],"wp:term":[{"taxonomy":"product_brand","embeddable":true,"href":"https:\/\/www.bios-shop.eu\/es\/wp-json\/wp\/v2\/product_brand?post=14405"},{"taxonomy":"product_cat","embeddable":true,"href":"https:\/\/www.bios-shop.eu\/es\/wp-json\/wp\/v2\/product_cat?post=14405"},{"taxonomy":"product_tag","embeddable":true,"href":"https:\/\/www.bios-shop.eu\/es\/wp-json\/wp\/v2\/product_tag?post=14405"}],"curies":[{"name":"wp","href":"https:\/\/api.w.org\/{rel}","templated":true}]}}