
{"id":8521,"date":"2020-05-17T18:47:42","date_gmt":"2020-05-17T17:47:42","guid":{"rendered":"https:\/\/www.bios-shop.eu\/revoca\/"},"modified":"2020-05-17T18:47:44","modified_gmt":"2020-05-17T17:47:44","slug":"revoca","status":"publish","type":"page","link":"https:\/\/www.bios-shop.eu\/es\/revoca\/","title":{"rendered":"Revoca"},"content":{"rendered":"<p>I consumatori hanno diritto a un diritto di recesso conformemente alle seguenti condizioni, in base alle quali il consumatore \u00e8 una persona fisica che conclude una transazione legale per scopi che non possono essere attribuiti principalmente alla loro attivit\u00e0 professionale commerciale o indipendente:<br\/><\/p>\n\n<h2 class=\"wp-block-heading\">A. Normas de revocaci\u00f3n para consumidores<\/h2>\n\n<h3 class=\"wp-block-heading\">Ritiro<\/h3>\n\n<p>Estas disposiciones se aplican exclusivamente a los clientes que son consumidores de los productos de la KSchG.<\/p>\n\n<p><strong>Nos dirigimos a todos nuestros clientes procedentes de Austria, Alemania, Suiza, Italia, Francia, B\u00e9lgica, Liechtenstein y Luxemburgo. <\/strong>il diritto di recedere <strong>da questo contratto<\/strong> <strong>entro quattordici giorni senza dare motivi (diritto legale di rimpatrio).<\/strong><\/p>\n\n<p>El periodo de renuncia es de cuatro d\u00edas a partir del d\u00eda en que t\u00fa o una tercera parte de ti, que no sea el veterano, haya recibido el \u00faltimo beneficio.<\/p>\n\n<p>Al fine di esercitare il vostro diritto di recesso, \u00e8 necessario informareci (akademie bios - Dott.ssa Ernestina Mazza OG, Bergmanngasse 46\/1\/2, 8010 Graz, Austria, Tel.: n. 43 699 1 777 9 111, e-mail: info@akademiebios.at) della vostra decisione di recedere da questo contratto per mezzo di una dichiarazione chiara (ad es. una lettera inviata via e-mail). Es posible utilizar el m\u00f3dulo de pr\u00f3rroga del modelo alegado, pero no es obligatorio.<\/p>\n\n<p>Al fine di rispettare il periodo di ritiro, \u00e8 sufficiente inviare la notifica dell'esercizio del diritto di recesso prima della scadenza del periodo di ritiro.<\/p>\n\n<h3 class=\"wp-block-heading\">Consecuencias de la revisi\u00f3n<\/h3>\n\n<p>Si se suscribe a este contrato, le enviaremos todos los pagos que hayamos recibido de usted, incluidos los gastos de env\u00edo (adem\u00e1s de los costes adicionales derivados de su oferta de un tipo de servicio distinto del m\u00e1s econ\u00f3mico ofrecido por nosotros. consegna standard) senza indugio e al pi\u00f9 tardi entro quattordici giorni dal giorno in cui abbiamo ricevuto la notifica della revoca del presente contratto. Per questo rimborso, utilizzeremo lo stesso mezzo di pagamento che hai utilizzato per la transazione originale, a meno che tu non abbia espressamente concordato diversamente; in nessun caso ti verr\u00e0 addebitato alcun costo per questo rimborso. Possiamo rifiutare il rimborso fino a quando non abbiamo ricevuto la merce indietro o fino a quando non hai fornito la prova che hai restituito la merce, a seconda di quale sia il precedente.<\/p>\n\n<p>Lei ha i beni per noi o per Artha Verlagsauslieferung, Gr\u00e0ntenseestr, immediatamente e comunque non oltre quattordici giorni dal giorno in cui ci informi della revoca di questo contratto. 42, 87466, Oy-Mittelberg \/ Haslach, Germania. Il termine \u00e8 rispettato se si invia la merce prima della scadenza del periodo di quattordici giorni.<\/p>\n\n<p><strong>L'utente deve sostenere i costi regolari del reso se la merce consegnata corrisponde alle merci ordinate, le merci sono state consegnate in perfette condizioni e se il prezzo delle merci da restituire non supera un importo di 40 euro.<\/strong> En caso contrario, el servicio es gratuito para usted. Le rogamos que se ponga en contacto con nosotros.<\/p>\n\n<p>El reembolso de los pagos deber\u00e1 efectuarse antes de 30 d\u00edas. El plazo comienza para usted con el env\u00edo de su declaraci\u00f3n de revocaci\u00f3n o de su art\u00edculo y para nosotros con su recepci\u00f3n.<\/p>\n\n<p>Devi pagare per qualsiasi perdita di valore della merce solo se questa perdita di valore \u00e8 dovuta alla gestione delle merci che non \u00e8 necessaria per controllare la natura, le caratteristiche e il funzionamento delle merci.<\/p>\n\n<h3 class=\"wp-block-heading\">Exclusi\u00f3n o interrupci\u00f3n prematura del derecho de recurso<\/h3>\n\n<p>No existe ning\u00fan derecho de retractaci\u00f3n o rectificaci\u00f3n a efectos de la KSchG para peri\u00f3dicos, revistas y publicaciones, ni, en particular, para los contratos de suministro de grabaciones de audio o v\u00eddeo en un paquete sellado, si el sello se ha retirado tras el suministro.<\/p>\n\n<p><strong>No tienes ning\u00fan derecho de r\u00e9plica cuando te inscribes en seminarios, conferencias y cursos.<\/strong> Si desea anular las solicitudes de cursos de formaci\u00f3n o cursos individuales, consulte nuestras condiciones de anulaci\u00f3n de cursos de formaci\u00f3n, seminarios, supervisiones y acompa\u00f1amientos individuales en el sitio web de la Comisi\u00f3n. <a href=\"https:\/\/www.bios-shop.eu\/it\/termini\/\">GtC<\/a>.<\/p>\n\n<p><strong>El derecho de r\u00e9plica se ampl\u00eda prematuramente en los contratos de suministro de contenidos digitales<\/strong>si hemos comenzado a ejecutar el contrato despu\u00e9s de haber acordado expresamente que iniciaremos la ejecuci\u00f3n del contrato antes de que finalice el periodo de prueba y si has dado tu consentimiento para que se respete tu derecho de desistimiento con tu consentimiento al inicio de la ejecuci\u00f3n del contrato. <\/p>\n\n<h3 class=\"wp-block-heading\">Nota generali<\/h3>\n\n<p>1) Si prega di <strong>evitar da\u00f1os y contaminaciones de las mercanc\u00edas.<\/strong> Si prega di restituire la merce a noi nella loro confezione originale con tutti gli accessori e tutti i componenti di imballaggio. Si es necesario, utilice una bolsa de pl\u00e1stico protectora. Si no dispone de m\u00e1s de un embalaje original, prep\u00e1rese para proporcionar una protecci\u00f3n suficiente contra los da\u00f1os al transporte con embalajes adecuados.<br\/>2) <strong>Si prega di non restituire la merce a noi gratuitamente.<\/strong> Si desea que le reembolsemos los gastos de env\u00edo, lo cual solo es posible con un importe de 40 d\u00f3lares, o en caso de que haya problemas con el importe, le rogamos que se ponga en contacto con nosotros y nos facilite sus datos bancarios. A continuaci\u00f3n, le enviaremos las \u00fanicas \u00f3rdenes de pago.<br\/>3) Debe tenerse en cuenta que los \u00faltimos p\u00e1rrafos 1-2 no son un requisito previo para el ejercicio efectivo del derecho de recurso.<br\/><br\/><\/p>\n\n<h2 class=\"wp-block-heading\">B. Modulo di prelievo<\/h2>\n\n<p>Si desea anular el contrato, copie el texto que figura a continuaci\u00f3n en un correo electr\u00f3nico, recopile los datos de contacto, env\u00edelo por correo electr\u00f3nico y env\u00ede la solicitud por correo franqueado:<\/p>\n\n<p>A<\/p>\n\n<p>bios accademia - Dott.ssa Ernestina Mazza OG<br\/>Bergmanngasse 46\/1\/2<br\/>8010 Graz<br\/>Austria<br\/>Correo electr\u00f3nico: info@akademiebios.eu<\/p>\n\n<p>I\/noi (-) revocano il contratto da me\/noi per l'acquisto dei seguenti beni<\/p>\n\n<p>_______________________________________________________<\/p>\n\n<p>_______________________________________________________<\/p>\n\n<p>Ordinato il \/ \u201a____________________________________________________________________________________________________________________________________________________________________<\/p>\n\n<p>________________________________________________________<br\/>Nombre del\/de los consumidor\/es<\/p>\n\n<p>________________________________________________________<br\/>Indirizzo del\/dei consumatore\/i<\/p>\n\n<p>________________________________________________________<br\/>Firma del\/de los consumidor\/es (s\u00f3lo en caso de comunicaci\u00f3n por carta)<\/p>\n\n<p>_________________________<br\/>Datos<\/p>\n\n<p>(*) Eliminaci\u00f3n imprecisa<\/p>","protected":false},"excerpt":{"rendered":"<p>I consumatori hanno diritto a un diritto di recesso conformemente alle seguenti condizioni, in base alle quali il consumatore \u00e8 una persona fisica che conclude una transazione legale per scopi che non possono essere attribuiti principalmente alla loro attivit\u00e0 professionale commerciale o indipendente: A. Istruzioni di revoca per i consumatori Ritiro Queste disposizioni si applicano [&#8230;]\n","protected":false},"author":1,"featured_media":0,"parent":0,"menu_order":0,"comment_status":"closed","ping_status":"closed","template":"","meta":{"_acf_changed":false,"bwfblock_default_font":"","footnotes":""},"class_list":["post-8521","page","type-page","status-publish","hentry"],"acf":[],"_links":{"self":[{"href":"https:\/\/www.bios-shop.eu\/es\/wp-json\/wp\/v2\/pages\/8521","targetHints":{"allow":["GET"]}}],"collection":[{"href":"https:\/\/www.bios-shop.eu\/es\/wp-json\/wp\/v2\/pages"}],"about":[{"href":"https:\/\/www.bios-shop.eu\/es\/wp-json\/wp\/v2\/types\/page"}],"author":[{"embeddable":true,"href":"https:\/\/www.bios-shop.eu\/es\/wp-json\/wp\/v2\/users\/1"}],"replies":[{"embeddable":true,"href":"https:\/\/www.bios-shop.eu\/es\/wp-json\/wp\/v2\/comments?post=8521"}],"version-history":[{"count":0,"href":"https:\/\/www.bios-shop.eu\/es\/wp-json\/wp\/v2\/pages\/8521\/revisions"}],"wp:attachment":[{"href":"https:\/\/www.bios-shop.eu\/es\/wp-json\/wp\/v2\/media?parent=8521"}],"curies":[{"name":"wp","href":"https:\/\/api.w.org\/{rel}","templated":true}]}}