
{"id":8516,"date":"2020-05-17T18:47:40","date_gmt":"2020-05-17T17:47:40","guid":{"rendered":"https:\/\/www.bios-shop.eu\/commercio-e-consegna-del-libro\/"},"modified":"2020-05-17T18:47:41","modified_gmt":"2020-05-17T17:47:41","slug":"commercio-e-consegna-del-libro","status":"publish","type":"page","link":"https:\/\/www.bios-shop.eu\/es\/commercio-e-consegna-del-libro\/","title":{"rendered":"Comercio y distribuci\u00f3n de libros"},"content":{"rendered":"<h2 class=\"wp-block-heading\">Condiciones para la venta al por menor de libros<\/h2>\n\n<p>Concedemos al comercio del libro las condiciones de venta al detalle de libros del <strong>30% di sconto sui singoli ordini<\/strong> (pi\u00f9 le ffrancatura). Si al menos cuatro de nuestros libros (con al menos 2 p\u00e1ginas) se encargan y <strong>est\u00e1n disponibles en la pantalla de la librer\u00eda,<\/strong>siamo lieti di concedere il <strong>40%<\/strong> di sconto libreria. <\/p>\n\n<p>Las remisiones son siempre posibles con nosotros a pesar de que los libros est\u00e1n en condiciones de menta.<br\/><\/p>\n\n<h2 class=\"wp-block-heading\">Consegna DACH<\/h2>\n\n<p><strong>Consegna per Germania, Austria e Svizzera: <\/strong><br\/>Artha Book Service \/ Pubblicazione Editoriale<br\/>Contatta: Rolf Mihm<br\/>El papel de Gr\u00e0ntenseestr. 42<br\/>87466 Oy-Mittelberg<br\/>Germania<br\/>N\u00famero de tel\u00e9fono: 49 8361 8031<br\/>Solicitar correo electr\u00f3nico: <a href=\"mailto:va@artha.de\">va@artha.de<\/a><br\/><\/p>\n\n<h2 class=\"wp-block-heading\">Gastos de env\u00edo y entrega<\/h2>\n\n<p><strong>Per Germania e Austria:<\/strong><br\/>Nuestro servicio de atenci\u00f3n al cliente Artha Book le ofrece los libros de KNV, Libri, Umbreit y Morawa al mejor precio. <\/p>\n\n<p>Como alternativa, tambi\u00e9n ofrecemos la entrega por correo (DE\/AT), DHL y DPD, por lo que los gastos de env\u00edo deber\u00e1n correr a cargo de la librer\u00eda en funci\u00f3n de los gastos. Dependiendo de las dimensiones del pedido, estos gastos ascender\u00e1n a unos 4,30 euros.<\/p>\n\n<p><strong>Per la Svizzera:<\/strong><br\/>Las librer\u00edas suizas pueden adquirir nuestros libros directamente en el Swiss Book Centre, donde se encuentra nuestro proveedor Artha.<\/p>","protected":false},"excerpt":{"rendered":"<p>Condizioni per la vendita al dettaglio di libri Concediamo al commercio del libro le consuete condizioni di vendita al dettaglio di libri del 30% di sconto sui singoli ordini (pi\u00f9 le ffrancatura). Se almeno quattro dei nostri libri (con almeno 2 pezzi) sono presi su commissione e sono disponibili nel display della libreria,siamo lieti di [&#8230;]\n","protected":false},"author":2,"featured_media":0,"parent":0,"menu_order":0,"comment_status":"closed","ping_status":"closed","template":"","meta":{"_acf_changed":false,"bwfblock_default_font":"","footnotes":""},"class_list":["post-8516","page","type-page","status-publish","hentry"],"acf":[],"_links":{"self":[{"href":"https:\/\/www.bios-shop.eu\/es\/wp-json\/wp\/v2\/pages\/8516","targetHints":{"allow":["GET"]}}],"collection":[{"href":"https:\/\/www.bios-shop.eu\/es\/wp-json\/wp\/v2\/pages"}],"about":[{"href":"https:\/\/www.bios-shop.eu\/es\/wp-json\/wp\/v2\/types\/page"}],"author":[{"embeddable":true,"href":"https:\/\/www.bios-shop.eu\/es\/wp-json\/wp\/v2\/users\/2"}],"replies":[{"embeddable":true,"href":"https:\/\/www.bios-shop.eu\/es\/wp-json\/wp\/v2\/comments?post=8516"}],"version-history":[{"count":0,"href":"https:\/\/www.bios-shop.eu\/es\/wp-json\/wp\/v2\/pages\/8516\/revisions"}],"wp:attachment":[{"href":"https:\/\/www.bios-shop.eu\/es\/wp-json\/wp\/v2\/media?parent=8516"}],"curies":[{"name":"wp","href":"https:\/\/api.w.org\/{rel}","templated":true}]}}