
{"id":8513,"date":"2020-05-17T18:47:38","date_gmt":"2020-05-17T17:47:38","guid":{"rendered":"https:\/\/www.bios-shop.eu\/metodi-di-pagamento\/"},"modified":"2020-05-17T18:47:38","modified_gmt":"2020-05-17T17:47:38","slug":"metodi-di-pagamento","status":"publish","type":"page","link":"https:\/\/www.bios-shop.eu\/es\/metodi-di-pagamento\/","title":{"rendered":"M\u00e9todos de pago"},"content":{"rendered":"<div class=\"woocommerce woocommerce-gzd\">\n\t<ul class=\"payment_methods methods\">\n\t\t\t\t\t<li class=\"payment_method_fkwcs_stripe\">\n\t\t\t\t<label>Tarjeta de cr\u00e9dito (Stripe)<span class=\"fkwcs_stripe_icons\"><img decoding=\"async\" src=\"https:\/\/www.bios-shop.eu\/wp-content\/plugins\/woocommerce\/assets\/images\/icons\/credit-cards\/visa.svg\" alt=\"Visa\" width=\"32\" title=\"VISA\" style=\"margin-left: 0.3em\" \/><img decoding=\"async\" src=\"https:\/\/www.bios-shop.eu\/wp-content\/plugins\/woocommerce\/assets\/images\/icons\/credit-cards\/mastercard.svg\" alt=\"Mastercard\" width=\"32\" title=\"Master Card\" style=\"margin-left: 0.3em\" \/><img decoding=\"async\" src=\"https:\/\/www.bios-shop.eu\/wp-content\/plugins\/woocommerce\/assets\/images\/icons\/credit-cards\/amex.svg\" alt=\"Amex\" width=\"32\" title=\"American Express\" style=\"margin-left: 0.3em\" \/><img decoding=\"async\" src=\"https:\/\/www.bios-shop.eu\/wp-content\/plugins\/woocommerce\/assets\/images\/icons\/credit-cards\/discover.svg\" alt=\"Descubra\" width=\"32\" title=\"Descubra\" style=\"margin-left: 0.3em\" \/><img decoding=\"async\" src=\"https:\/\/www.bios-shop.eu\/wp-content\/plugins\/woocommerce\/assets\/images\/icons\/credit-cards\/jcb.svg\" alt=\"JCB\" width=\"32\" title=\"JCB\" style=\"margin-left: 0.3em\" \/><img decoding=\"async\" src=\"https:\/\/www.bios-shop.eu\/wp-content\/plugins\/funnelkit-stripe-woo-payment-gateway\/assets\/icons\/unionpay.svg\" alt=\"Comensales\" width=\"32\" title=\"Sindicatos\" style=\"margin-left: 0.3em\" \/><\/span><\/label>\n\t\t\t\t\t\t\t\t\t<div class=\"payment_box payment_method_fkwcs_stripe\">\n\t\t\t\t\t\t<p>Pague con su tarjeta de cr\u00e9dito a trav\u00e9s de Stripe.<\/p>\n\t\t\t\t\t<\/div>\n\t\t\t\t\t\t\t<\/li>\n\t\t\t\t\t<li class=\"payment_method_ppcp-card-button-gateway\">\n\t\t\t\t<label>Tarjetas de d\u00e9bito y cr\u00e9dito<\/label>\n\t\t\t\t\t\t\t<\/li>\n\t\t\t\t\t<li class=\"payment_method_ppcp-gateway\">\n\t\t\t\t<label>PayPal<\/label>\n\t\t\t\t\t\t\t\t\t<div class=\"payment_box payment_method_ppcp-gateway\">\n\t\t\t\t\t\t<p>Paga a trav\u00e9s de PayPal.<\/p>\n\t\t\t\t\t<\/div>\n\t\t\t\t\t\t\t<\/li>\n\t\t\t\t\t<li class=\"payment_method_stripe_sepa\">\n\t\t\t\t<label>SEPA<img decoding=\"async\" src=\"https:\/\/www.bios-shop.eu\/wp-content\/plugins\/woo-stripe-payment\/assets\/img\/sepa.svg\" alt=\"SEPA\" title=\"\"><\/label>\n\t\t\t\t\t\t\t\t\t<div class=\"payment_box payment_method_stripe_sepa\">\n\t\t\t\t\t\t<p>Informaci\u00f3n sobre la orden de domiciliaci\u00f3n bancaria<\/p>\n\t\t\t\t\t<\/div>\n\t\t\t\t\t\t\t<\/li>\n\t\t\t\t\t<li class=\"payment_method_invoice\">\n\t\t\t\t<label>Factura<\/label>\n\t\t\t\t\t\t\t\t\t<div class=\"payment_box payment_method_invoice\">\n\t\t\t\t\t\t<p>Recibir\u00e1 una factura nuestra despu\u00e9s de realizar el pedido. Por favor, transfiera el importe total en un plazo de 14 d\u00edas a la cuenta all\u00ed indicada.<\/p>\n\t\t\t\t\t<\/div>\n\t\t\t\t\t\t\t<\/li>\n\t\t\t\t\t<li class=\"payment_method_stripe_klarna\">\n\t\t\t\t<label>Klarna<img decoding=\"async\" src=\"https:\/\/www.bios-shop.eu\/wp-content\/plugins\/woo-stripe-payment\/assets\/img\/klarna_pink.svg\" alt=\"Klarna\" title=\"\"><\/label>\n\t\t\t\t\t\t\t\t\t<div class=\"payment_box payment_method_stripe_klarna\">\n\t\t\t\t\t\t<p><\/p>\n\t\t\t\t\t<\/div>\n\t\t\t\t\t\t\t<\/li>\n\t\t\t\t\t<li class=\"payment_method_fkwcs_stripe_klarna\">\n\t\t\t\t<label>Klarna - Pago aplazado<img decoding=\"async\" src=\"https:\/\/www.bios-shop.eu\/wp-content\/plugins\/funnelkit-stripe-woo-payment-gateway\/assets\/icons\/klarna.svg\" class=\"stripe-klarna-icon stripe-icon\" alt=\"klarna\" title=\"\"><\/label>\n\t\t\t\t\t\t\t\t\t<div class=\"payment_box payment_method_fkwcs_stripe_klarna\">\n\t\t\t\t\t\t<p>Despu\u00e9s de hacer clic en \"Completar pedido\", ser\u00e1 redirigido a Klarna para <br> complete su compra de forma segura<\/p>\n\t\t\t\t\t<\/div>\n\t\t\t\t\t\t\t<\/li>\n\t\t\t<\/ul>\n<\/div>","protected":false},"excerpt":{"rendered":"","protected":false},"author":1,"featured_media":0,"parent":0,"menu_order":0,"comment_status":"closed","ping_status":"closed","template":"","meta":{"_acf_changed":false,"bwfblock_default_font":"","footnotes":""},"class_list":["post-8513","page","type-page","status-publish","hentry"],"acf":[],"_links":{"self":[{"href":"https:\/\/www.bios-shop.eu\/es\/wp-json\/wp\/v2\/pages\/8513","targetHints":{"allow":["GET"]}}],"collection":[{"href":"https:\/\/www.bios-shop.eu\/es\/wp-json\/wp\/v2\/pages"}],"about":[{"href":"https:\/\/www.bios-shop.eu\/es\/wp-json\/wp\/v2\/types\/page"}],"author":[{"embeddable":true,"href":"https:\/\/www.bios-shop.eu\/es\/wp-json\/wp\/v2\/users\/1"}],"replies":[{"embeddable":true,"href":"https:\/\/www.bios-shop.eu\/es\/wp-json\/wp\/v2\/comments?post=8513"}],"version-history":[{"count":0,"href":"https:\/\/www.bios-shop.eu\/es\/wp-json\/wp\/v2\/pages\/8513\/revisions"}],"wp:attachment":[{"href":"https:\/\/www.bios-shop.eu\/es\/wp-json\/wp\/v2\/media?parent=8513"}],"curies":[{"name":"wp","href":"https:\/\/api.w.org\/{rel}","templated":true}]}}