
{"id":8501,"date":"2020-05-17T18:41:34","date_gmt":"2020-05-17T17:41:34","guid":{"rendered":"https:\/\/www.bios-shop.eu\/revocation\/"},"modified":"2020-05-17T18:41:38","modified_gmt":"2020-05-17T17:41:38","slug":"revocacion-2","status":"publish","type":"page","link":"https:\/\/www.bios-shop.eu\/es\/revocation\/","title":{"rendered":"Revocaci\u00f3n"},"content":{"rendered":"<p>Los consumidores tienen derecho de desistimiento de acuerdo con las siguientes condiciones, seg\u00fan las cuales el consumidor es toda persona f\u00edsica que celebra un negocio jur\u00eddico con fines que no pueden atribuirse principalmente a su actividad comercial o profesional independiente:<br\/><\/p>\n\n<h2 class=\"wp-block-heading\">A. Instrucciones de revocaci\u00f3n para los consumidores<\/h2>\n\n<h3 class=\"wp-block-heading\">Derecho de retractaci\u00f3n<\/h3>\n\n<p>Estas disposiciones se aplican exclusivamente a los clientes que son consumidores en el sentido de la Ley de Protecci\u00f3n de los Consumidores.<\/p>\n\n<p><strong>Concedemos a todos nuestros clientes de Austria, Alemania, Suiza, Italia, Francia, B\u00e9lgica, Liechtenstein y Luxemburgo <\/strong>derecho de retractaci\u00f3n <strong>de este contrato <\/strong> <strong>en un plazo de catorce d\u00edas sin indicar los motivos (derecho legal de devoluci\u00f3n).<\/strong><\/p>\n\n<p>El plazo de desistimiento es de catorce d\u00edas a partir del d\u00eda en que usted o un tercero designado por usted, que no sea el transportista, haya tomado posesi\u00f3n de la \u00faltima mercanc\u00eda.<\/p>\n\n<p>Para ejercer su derecho de desistimiento, deber\u00e1 informarnos (akademie bios - Dr. Ernestina Mazza OG, Bergmanngasse 46\/1\/2, 8010 Graz, Austria, Tel.: +43 699 1 777 9 111, e-mail: info@akademiebios.eu) de su decisi\u00f3n de desistir del presente contrato mediante una declaraci\u00f3n clara (por ejemplo, una carta enviada por correo postal o electr\u00f3nico). Puede utilizar el modelo de formulario de desistimiento adjunto, pero no es obligatorio.<\/p>\n\n<p>Para cumplir el plazo de desistimiento, basta con que env\u00ede la notificaci\u00f3n del ejercicio del derecho de desistimiento antes de que expire el plazo de desistimiento.<\/p>\n\n<h3 class=\"wp-block-heading\">Consecuencias de la revocaci\u00f3n<\/h3>\n\n<p>Si revoca el presente contrato, le devolveremos todos los pagos que hayamos recibido de usted, incluidos los gastos de entrega (con la excepci\u00f3n de los gastos adicionales resultantes de que se le haya ofrecido un tipo de entrega distinto del m\u00e1s barato y est\u00e1ndar ofrecido por nosotros) sin demora y, a m\u00e1s tardar, en un plazo de catorce d\u00edas a partir del d\u00eda en que hayamos recibido la notificaci\u00f3n de su revocaci\u00f3n del presente contrato. Para este reembolso, utilizaremos el mismo medio de pago que usted utiliz\u00f3 para la transacci\u00f3n original, a menos que usted haya acordado expresamente lo contrario; en ning\u00fan caso se le cobrar\u00e1n comisiones por este reembolso. Podremos denegar el reembolso hasta que hayamos recibido los bienes de vuelta o hasta que usted haya presentado una prueba de que ha devuelto los bienes, seg\u00fan qu\u00e9 condici\u00f3n se cumpla primero.<\/p>\n\n<p>Deber\u00e1 enviarnos la mercanc\u00eda a nosotros o a nuestro socio \"Artha Verlagsauslieferung, Gr\u00fcntenseestrasse 42, 87466 Oy-Mittelberg \/ Haslach, Alemania\" inmediatamente y, en cualquier caso, a m\u00e1s tardar catorce d\u00edas a partir del d\u00eda en que nos comunique la revocaci\u00f3n del presente contrato. El plazo se cumple si env\u00eda la mercanc\u00eda antes de que expire el plazo de catorce d\u00edas.<\/p>\n\n<p><strong>Usted correr\u00e1 con los gastos ordinarios de devoluci\u00f3n si la mercanc\u00eda entregada se corresponde con la pedida, la mercanc\u00eda ha sido entregada en perfecto estado y si el precio de la mercanc\u00eda a devolver no supera un importe de 40 euros.<\/strong> En caso contrario, la devoluci\u00f3n es gratuita para usted (nosotros corremos con los gastos). En este caso, p\u00f3ngase en contacto con nosotros previamente.<\/p>\n\n<p>Las obligaciones de reembolso de pagos deben cumplirse en un plazo de 30 d\u00edas. El plazo comienza para usted con el env\u00edo de su declaraci\u00f3n de revocaci\u00f3n o del art\u00edculo, para nosotros con su recepci\u00f3n.<\/p>\n\n<p>S\u00f3lo tiene que pagar la p\u00e9rdida de valor de los bienes si dicha p\u00e9rdida de valor se debe a una manipulaci\u00f3n de los bienes que no sea necesaria para comprobar la naturaleza, las caracter\u00edsticas y el funcionamiento de los bienes.<\/p>\n\n<h3 class=\"wp-block-heading\">Exclusi\u00f3n o caducidad prematura del derecho de desistimiento<\/h3>\n\n<p>No existe derecho de desistimiento o retractaci\u00f3n en el sentido de la Ley de Protecci\u00f3n de los Consumidores en el caso de peri\u00f3dicos y revistas, as\u00ed como, en particular, en los contratos de entrega de grabaciones de audio o v\u00eddeo en un paquete precintado, si el precinto se ha retirado despu\u00e9s de la entrega.<\/p>\n\n<p><strong>No tiene derecho de desistimiento al inscribirse en seminarios, conferencias y cursos.<\/strong> Si desea anular solicitudes vinculantes de formaci\u00f3n o cursos, consulte nuestras condiciones de anulaci\u00f3n para formaciones, seminarios, supervisiones y citas individuales en el <a href=\"https:\/\/www.bios-shop.eu\/en\/terms\/\">Condiciones generales<\/a>.<\/p>\n\n<p><strong>El derecho de desistimiento expira prematuramente en el caso de los contratos de entrega de contenidos digitales<\/strong>si hemos comenzado a ejecutar el contrato despu\u00e9s de que usted haya aceptado expresamente que comencemos la ejecuci\u00f3n del contrato antes de que expire el plazo de desistimiento y usted nos ha confirmado su conocimiento de que perder\u00e1 su derecho de desistimiento por su consentimiento al comienzo de la ejecuci\u00f3n del contrato. <\/p>\n\n<h3 class=\"wp-block-heading\">Notas generales<\/h3>\n\n<p>1) <strong>Evite da\u00f1ar y contaminar la mercanc\u00eda.<\/strong> Devu\u00e9lvanos la mercanc\u00eda en su embalaje original con todos los accesorios y todos los componentes del embalaje. Si es necesario, utilice un embalaje exterior protector. Si ya no dispone del embalaje original, prot\u00e9jalo suficientemente contra da\u00f1os de transporte con un embalaje adecuado.<br\/>2) <strong>Le rogamos que no nos devuelva la mercanc\u00eda gratuitamente.<\/strong> Si desea que le reembolsemos los gastos de env\u00edo, lo cual s\u00f3lo es posible con un valor superior a 40,- euros o en caso de defectos en la mercanc\u00eda, h\u00e1ganoslo saber y facil\u00edtenos sus datos bancarios. Entonces le transferiremos los gastos de env\u00edo habituales.<br\/>3) Tenga en cuenta que los apartados 1-2 mencionados no son un requisito previo para el ejercicio efectivo del derecho de desistimiento.<br\/><br\/><\/p>\n\n<h2 class=\"wp-block-heading\">B. Formulario de desistimiento<\/h2>\n\n<p>Si desea rescindir el contrato, copie el texto que figura a continuaci\u00f3n en un mensaje de correo electr\u00f3nico, rellene los campos vac\u00edos, env\u00edenos este mensaje y devu\u00e9lvanos la mercanc\u00eda corriendo usted con los gastos de env\u00edo por adelantado:<\/p>\n\n<p>A<\/p>\n\n<p>akademie bios - Dra. Ernestina Mazza OG<br\/>Bergmanngasse 46\/1\/2<br\/>8010 Graz<br\/>Austria<br\/>Correo electr\u00f3nico: info@akademiebios.eu<\/p>\n\n<p>Yo\/nosotros (*) revoco\/revocamos por la presente el contrato celebrado por m\u00ed\/nosotros (*) para la adquisici\u00f3n de los siguientes bienes (*)\/la prestaci\u00f3n de los siguientes servicios (*)<\/p>\n\n<p>_______________________________________________________<\/p>\n\n<p>_______________________________________________________<\/p>\n\n<p>Pedido el (*) ____________ \/ recibido el (*) ____________________<\/p>\n\n<p>________________________________________________________<br\/>Nombre del consumidor o consumidores<\/p>\n\n<p>________________________________________________________<br\/>Direcci\u00f3n del consumidor o consumidores<\/p>\n\n<p>________________________________________________________<br\/>Firma del consumidor o consumidores (s\u00f3lo para la comunicaci\u00f3n en papel)<\/p>\n\n<p>_________________________<br\/>Fecha<\/p>\n\n<p>(*) T\u00e1chese lo que no proceda.<\/p>","protected":false},"excerpt":{"rendered":"<p>Consumers are entitled to a right of withdrawal in accordance with the following conditions, whereby the consumer is any natural person who concludes a legal transaction for purposes which cannot be attributed primarily to their commercial or independent professional activity: A. Revocation instructions for consumers Right of withdrawal These provisions apply exclusively to customers who [&#8230;]\n","protected":false},"author":1,"featured_media":0,"parent":0,"menu_order":0,"comment_status":"closed","ping_status":"closed","template":"","meta":{"_acf_changed":false,"bwfblock_default_font":"","footnotes":""},"class_list":["post-8501","page","type-page","status-publish","hentry"],"acf":[],"_links":{"self":[{"href":"https:\/\/www.bios-shop.eu\/es\/wp-json\/wp\/v2\/pages\/8501","targetHints":{"allow":["GET"]}}],"collection":[{"href":"https:\/\/www.bios-shop.eu\/es\/wp-json\/wp\/v2\/pages"}],"about":[{"href":"https:\/\/www.bios-shop.eu\/es\/wp-json\/wp\/v2\/types\/page"}],"author":[{"embeddable":true,"href":"https:\/\/www.bios-shop.eu\/es\/wp-json\/wp\/v2\/users\/1"}],"replies":[{"embeddable":true,"href":"https:\/\/www.bios-shop.eu\/es\/wp-json\/wp\/v2\/comments?post=8501"}],"version-history":[{"count":0,"href":"https:\/\/www.bios-shop.eu\/es\/wp-json\/wp\/v2\/pages\/8501\/revisions"}],"wp:attachment":[{"href":"https:\/\/www.bios-shop.eu\/es\/wp-json\/wp\/v2\/media?parent=8501"}],"curies":[{"name":"wp","href":"https:\/\/api.w.org\/{rel}","templated":true}]}}