
{"id":8483,"date":"2020-05-17T18:03:20","date_gmt":"2020-05-17T17:03:20","guid":{"rendered":"https:\/\/www.bios-shop.eu\/disclaimer\/"},"modified":"2020-05-17T18:03:23","modified_gmt":"2020-05-17T17:03:23","slug":"descargo-de-responsabilidad","status":"publish","type":"page","link":"https:\/\/www.bios-shop.eu\/es\/disclaimer\/","title":{"rendered":"Descargo de responsabilidad"},"content":{"rendered":"<h3 class=\"wp-block-heading\">Responsabilidad por los contenidos<\/h3>\n\n<p>Como proveedor de servicios, somos, entre otras cosas, proveedores de alojamiento en el sentido de la <a href=\"http:\/\/www.internet4jurists.at\/gesetze\/bg_e-commerce01.htm#%C2%A7_16.\" rel=\"noreferrer noopener\" target=\"_blank\">Art\u00edculo 16 ECG (Ley de comercio electr\u00f3nico)<\/a>, porque permitimos que terceros almacenen informaci\u00f3n (por ejemplo, en comentarios, foros). En general, somos responsables de nuestros propios contenidos en estas p\u00e1ginas de acuerdo con las leyes generales. Siguiendo <a href=\"http:\/\/www.internet4jurists.at\/gesetze\/bg_e-commerce01.htm#%C2%A7_18.\" rel=\"noreferrer noopener\" target=\"_blank\">Secci\u00f3n 18 (1) ECG<\/a> sin embargo, como proveedor de servicios, no estamos obligados a controlar la informaci\u00f3n de terceros transmitida o almacenada ni a investigar circunstancias que indiquen una actividad ilegal.<\/p>\n\n<p>En cuanto a las obligaciones de retirar o bloquear el uso de contenidos manifiestamente il\u00edcitos de acuerdo con las leyes generales, cumpliremos con<a rel=\"noreferrer noopener\" href=\"http:\/\/www.internet4jurists.at\/gesetze\/bg_e-commerce01.htm#%C2%A7_16.\" target=\"_blank\">Secci\u00f3n 16 (1) l\u00ednea 2 ECG<\/a> . Sin embargo, la responsabilidad a este respecto s\u00f3lo es posible a partir del momento en que se tiene conocimiento de una infracci\u00f3n concreta. Si tenemos conocimiento de tales infracciones, eliminaremos estos contenidos inmediatamente.<br\/><\/p>\n\n<h3 class=\"wp-block-heading\">Responsabilidad de los enlaces<\/h3>\n\n<p>Nuestra oferta contiene enlaces a sitios web externos de terceros, sobre cuyos contenidos no tenemos ninguna influencia. Por lo tanto, no podemos asumir ninguna responsabilidad por estos contenidos de terceros. El respectivo proveedor u operador de las p\u00e1ginas es siempre responsable de los contenidos de las p\u00e1ginas enlazadas. En el momento de establecer el enlace, se comprob\u00f3 que las p\u00e1ginas enlazadas no infringieran la ley. En el momento de establecer el enlace no se detectaron contenidos ilegales.<\/p>\n\n<p>Sin embargo, un control permanente del contenido de las p\u00e1ginas enlazadas no es razonable sin indicios concretos de infracci\u00f3n de la ley. Retiraremos dichos enlaces inmediatamente en cuanto tengamos conocimiento de infracciones de la ley.<br\/><\/p>\n\n<h3 class=\"wp-block-heading\">Copyright<\/h3>\n\n<p>Los contenidos y obras creados por los operadores del sitio en estas p\u00e1ginas est\u00e1n sujetos a la legislaci\u00f3n austriaca sobre derechos de autor. La duplicaci\u00f3n, el procesamiento, la distribuci\u00f3n y cualquier tipo de explotaci\u00f3n fuera de los l\u00edmites de los derechos de autor requieren el consentimiento por escrito del autor o creador respectivo. Las descargas y copias de este sitio s\u00f3lo est\u00e1n permitidas para uso privado, no comercial y no p\u00fablico.<\/p>\n\n<p>En la medida en que los contenidos de este sitio no hayan sido creados por nosotros, se respetan los derechos de autor de terceros. En particular, los contenidos de terceros est\u00e1n marcados como tales. No obstante, si tiene conocimiento de una infracci\u00f3n de los derechos de autor, le rogamos que nos lo comunique. Retiraremos dichos contenidos inmediatamente despu\u00e9s de tener conocimiento de cualquier infracci\u00f3n.<\/p>\n\n<p>Encontrar\u00e1 m\u00e1s avisos sobre derechos de autor en nuestra <a href=\"https:\/\/www.bios-shop.eu\/en\/terms\/\">condiciones generales<\/a> y, en particular, en el <a href=\"https:\/\/www.bios-shop.eu\/en\/imprint\/\">imprimir<\/a>.<\/p>","protected":false},"excerpt":{"rendered":"<p>Liability for content As a service provider, we are, among other things, host providers within the meaning of Section 16 ECG (eCommerce Act), because we enable third parties to store information (e.g. in comments, forums). We are generally responsible for our own content on these pages in accordance with the general laws. Following Section 18 [&#8230;]\n","protected":false},"author":2,"featured_media":0,"parent":0,"menu_order":0,"comment_status":"closed","ping_status":"closed","template":"","meta":{"_acf_changed":false,"bwfblock_default_font":"","footnotes":""},"class_list":["post-8483","page","type-page","status-publish","hentry"],"acf":[],"_links":{"self":[{"href":"https:\/\/www.bios-shop.eu\/es\/wp-json\/wp\/v2\/pages\/8483","targetHints":{"allow":["GET"]}}],"collection":[{"href":"https:\/\/www.bios-shop.eu\/es\/wp-json\/wp\/v2\/pages"}],"about":[{"href":"https:\/\/www.bios-shop.eu\/es\/wp-json\/wp\/v2\/types\/page"}],"author":[{"embeddable":true,"href":"https:\/\/www.bios-shop.eu\/es\/wp-json\/wp\/v2\/users\/2"}],"replies":[{"embeddable":true,"href":"https:\/\/www.bios-shop.eu\/es\/wp-json\/wp\/v2\/comments?post=8483"}],"version-history":[{"count":0,"href":"https:\/\/www.bios-shop.eu\/es\/wp-json\/wp\/v2\/pages\/8483\/revisions"}],"wp:attachment":[{"href":"https:\/\/www.bios-shop.eu\/es\/wp-json\/wp\/v2\/media?parent=8483"}],"curies":[{"name":"wp","href":"https:\/\/api.w.org\/{rel}","templated":true}]}}