
{"id":8464,"date":"2020-05-17T17:36:45","date_gmt":"2020-05-17T16:36:45","guid":{"rendered":"https:\/\/www.bios-shop.eu\/imprint\/"},"modified":"2025-08-12T16:45:47","modified_gmt":"2025-08-12T15:45:47","slug":"imprimir-2","status":"publish","type":"page","link":"https:\/\/www.bios-shop.eu\/es\/imprint\/","title":{"rendered":"Pie de imprenta"},"content":{"rendered":"<div class=\"woocommerce woocommerce-gzd woocommerce-gzd-complaints-shortcode\">\n\t\t\t<h3>Informaci\u00f3n con arreglo al art\u00edculo 19, apartado 3, de la AStG<\/h3>\n\t\t<p>Ley de resoluci\u00f3n alternativa de litigios - Tiendas en l\u00ednea<\/p>\n\t\nNo estamos obligados ni dispuestos a participar en un procedimiento de resoluci\u00f3n de litigios ante una junta arbitral de consumo.<\/div>\n\n\n\n<p>Obligaci\u00f3n de informaci\u00f3n en virtud del art\u00edculo 5 de la Ley de Comercio Electr\u00f3nico, el art\u00edculo 14 del C\u00f3digo de Sociedades, el art\u00edculo 63 del C\u00f3digo de Comercio y la obligaci\u00f3n de divulgaci\u00f3n en virtud del art\u00edculo 25 de la Ley de Medios de Comunicaci\u00f3n:<\/p>\n\n\n\n<p><strong>biograf\u00edas de los acad\u00e9micos - Dra. Ernestina Mazza OG<\/strong><br>tambi\u00e9n conocido bajo la marca <strong>academia bios<\/strong><br>Bergmanngasse 46\/1\/2<br>8010 Graz<br>Austria<br><br>M\u00f3vil: +43 (0) 699 \/ 11 22 54 16<br>Correo electr\u00f3nico: <a href=\"mailto:info@akademiebios.eu\" target=\"_blank\" rel=\"noreferrer noopener\">info@akademiebios.eu<\/a><br>Web:<a href=\"https:\/\/www.akademiebios.eu\/\" target=\"_blank\" rel=\"noopener\"> www.akademiebios.eu<\/a><\/p>\n\n\n\n<p><br><strong>UID:<\/strong> ATU 6849 4523 <br><strong>Lugar de jurisdicci\u00f3n:<\/strong> Graz-West<br><strong>N\u00famero de registro de la empresa:<\/strong> FN 409990 b <br><strong>Autoridad de control:<\/strong> LG de Derecho Civil Graz<br><strong>C\u00e1mara Comercial:<\/strong> WKO Styria &gt; Energ\u00eda humana, edici\u00f3n de libros y medios de comunicaci\u00f3n, comercio minorista (general), organizaci\u00f3n de seminarios<br><strong>Objeto de la empresa:<\/strong> Educaci\u00f3n y formaci\u00f3n \/ educaci\u00f3n de adultos en promoci\u00f3n de la salud, energ\u00e9tica, chamanismo, trabajo corporal, teor\u00eda de los arquetipos, numerolog\u00eda y muchos m\u00e1s, actividades editoriales con libros y productos multimedia, comercio de productos de promoci\u00f3n de la salud, piedras preciosas, incienso, etc., organizaci\u00f3n de seminarios.<\/p>\n\n\n\n<p><strong>Accionistas con derecho a representaci\u00f3n:<\/strong> Como. - (FH) Se\u00f1or Presidente, me gustar\u00eda Clemens Mazza, Dr Ernestina Mazza<br><strong>Gesti\u00f3n:<\/strong> Como. - (FH) Se\u00f1or Presidente, me gustar\u00eda Clemens Mazza<br><strong>Gesti\u00f3n educativa de la Academia:<\/strong> Dra. Ernestina Mazza<br><br><strong>Responsable del contenido editorial del blog:<\/strong><strong>:<\/strong><br>Dra. Ernestina Mazza, Bergmanngasse 46\/1\/2, 8010 Graz, Austria<\/p>\n\n\n\n<p><br><strong>Datos bancarios Academia:<\/strong><br>Caja de Ahorros de Estiria<br>IBAN: AT25 2081 5000 4001 9655<br>BIC: STSPAT2GXXX<\/p>\n\n\n\n<p><br><strong>bios<sup>\u00ae<\/sup> editor<\/strong><br>una marca de <strong>biograf\u00edas de los acad\u00e9micos - Dra. Ernestina Mazza OG<\/strong><br>VKNR: 120313, GLN: 9007981203131<\/p>\n\n\n\n<p>Bergmanngasse 46\/1\/2<br>8010 Graz<br>Austria<br><br>M\u00f3vil: +43 (0) 699 \/ 1 777 9 111<br>Correo electr\u00f3nico: <a rel=\"noreferrer noopener\" href=\"mailto:verlag@akademiebios.eu\" target=\"_blank\">info@bios-shop.eu<\/a><br>Web: <a rel=\"noreferrer noopener\" href=\"https:\/\/www.akademiebios.eu\/buchbestellung\/\" target=\"_blank\">www.bios-shop.eu<\/a><\/p>\n\n\n\n<p><\/p>\n\n\n\n<p><strong>Editor de conexiones bancarias para clientes de Austria y Suiza:<\/strong><br>Caja de Ahorros de Estiria<br>IBAN: AT90 2081 5000 0696 6220<br>BIC: STSPAT2GXXX<br><br><strong>Editor de conexiones bancarias para clientes de Alemania:<\/strong><br>Caja de Ahorros de Estiria<br>IBAN: AT76 2081 5000 4002 8243<br>BIC: STSPAT2GXXX<br><br><\/p>\n\n\n\n<figure class=\"wp-block-image\"><a href=\"https:\/\/www.fairness-im-handel.de\/\" target=\"_blank\" rel=\"noreferrer noopener\"><img decoding=\"async\" src=\"https:\/\/www.akademiebios.eu\/wp-content\/uploads\/2018\/04\/logo-fairness.png\" alt=\"Iniciativa: Comercio justo\" title=\"\"><\/a><\/figure>\n\n\n\n<p>Miembro de la iniciativa \"Comercio justo\".<br>Informaci\u00f3n sobre la iniciativa: <a rel=\"noreferrer noopener\" href=\"https:\/\/www.fairness-im-handel.de\/\" target=\"_blank\">https:\/\/www.fairness-im-handel.de<\/a><\/p>\n\n\n\n<p><\/p>\n\n\n\n<h2 class=\"wp-block-heading\"><strong>Concepci\u00f3n y dise\u00f1o del sitio web<\/strong><\/h2>\n\n\n\n<p>Como. - (FH) Se\u00f1or Presidente, me gustar\u00eda Clemens Mazza, dise\u00f1ador de medios de comunicaci\u00f3n<br><br><\/p>\n\n\n\n<h2 class=\"wp-block-heading\"><strong>Fuentes de im\u00e1genes<\/strong><\/h2>\n\n\n\n<p>Todas las fotos -excepto la de la Dra. Ernestina Mazza- son www.fotolia.com de la base de datos de im\u00e1genes y su fuente figura en la p\u00e1gina respectiva debajo de la imagen. Si no aparece la fuente, la imagen correspondiente es de dominio p\u00fablico.<\/p>\n\n\n\n<h4 class=\"wp-block-heading\">Fuentes de las im\u00e1genes de portada del deslizador:<\/h4>\n\n\n\n<p>1 - Mujer al amanecer: \u00a9 Maridav - stock.adobe.com<br>2 - Pareja en un prado: \u00a9 vectorfusionart - stock.adobe.com<br>3 - Dos mujeres entrenando en un sof\u00e1\/silla: \u00a9 Katarzyna Bialasiewicz Photographee.eu - stock.adobe.com<br>4 - Mujer sentada en un muelle junto al mar: \u00a9 XtravaganT - Fotolia<br>5 - Motivo navide\u00f1o con vela: \u00a9 drubig-photo - stock.adobe.com<\/p>\n\n\n\n<p><\/p>\n\n\n\n<h2 class=\"wp-block-heading\"><strong>Copyright<\/strong><\/h2>\n\n\n\n<p><strong>\u200b<\/strong>Quedan reservados todos los derechos, en particular el derecho de reproducci\u00f3n y distribuci\u00f3n, as\u00ed como el de traducci\u00f3n. Queda prohibida la reproducci\u00f3n total o parcial de esta obra, ya sea por procedimientos fotomec\u00e1nicos, incluida la fotocopia, por microfilm o por cualquier otro procedimiento, sin la autorizaci\u00f3n escrita del editor, as\u00ed como su almacenamiento, tratamiento inform\u00e1tico, reproducci\u00f3n, difusi\u00f3n o cualquier otra forma de utilizaci\u00f3n mediante sistemas electr\u00f3nicos, en particular bases de datos.<\/p>\n\n\n\n<p>La copia privada de los contenidos s\u00f3lo est\u00e1 permitida para fines privados y no est\u00e1 a disposici\u00f3n del p\u00fablico (de conformidad con los art\u00edculos 42 (1) y 4 de la Ley de Propiedad Intelectual austriaca).<\/p>\n\n\n\n<p><strong>Los textos de este sitio web son <\/strong>comprobaci\u00f3n autom\u00e1tica continua de copias de este contenido en<strong> otros sitios web<\/strong> con el <a href=\"https:\/\/www.copyscape.com\/\" rel=\"noreferrer noopener\" target=\"_blank\"><strong>software de examen de plagio en l\u00ednea Copyscape<\/strong>\n  \n<\/a> y, por tanto, puede detectarse el plagio, incluso parcial o ligeramente modificado. A este respecto, nos reservamos todas las reclamaciones en particular por da\u00f1os y perjuicios, eliminaci\u00f3n, omisi\u00f3n y publicaci\u00f3n de sentencias.<br><\/p>","protected":false},"excerpt":{"rendered":"<p>Obligation to provide information pursuant to Section 5 of the E-Commerce Act, Section 14 of the Company Code, Section 63 of the Commercial Code and the obligation to disclose according to Section 25 of the Media Act: academy bios &#8211; Dr. Ernestina Mazza OGalso known under the brand akademie bios\u00aeBergmanngasse 46\/1\/28010 GrazAustria Mobile: +43 (0) [&#8230;]\n","protected":false},"author":1,"featured_media":0,"parent":0,"menu_order":0,"comment_status":"closed","ping_status":"closed","template":"","meta":{"_acf_changed":false,"bwfblock_default_font":"","footnotes":""},"class_list":["post-8464","page","type-page","status-publish","hentry"],"acf":[],"_links":{"self":[{"href":"https:\/\/www.bios-shop.eu\/es\/wp-json\/wp\/v2\/pages\/8464","targetHints":{"allow":["GET"]}}],"collection":[{"href":"https:\/\/www.bios-shop.eu\/es\/wp-json\/wp\/v2\/pages"}],"about":[{"href":"https:\/\/www.bios-shop.eu\/es\/wp-json\/wp\/v2\/types\/page"}],"author":[{"embeddable":true,"href":"https:\/\/www.bios-shop.eu\/es\/wp-json\/wp\/v2\/users\/1"}],"replies":[{"embeddable":true,"href":"https:\/\/www.bios-shop.eu\/es\/wp-json\/wp\/v2\/comments?post=8464"}],"version-history":[{"count":0,"href":"https:\/\/www.bios-shop.eu\/es\/wp-json\/wp\/v2\/pages\/8464\/revisions"}],"wp:attachment":[{"href":"https:\/\/www.bios-shop.eu\/es\/wp-json\/wp\/v2\/media?parent=8464"}],"curies":[{"name":"wp","href":"https:\/\/api.w.org\/{rel}","templated":true}]}}