
{"id":7595,"date":"2019-12-27T01:54:00","date_gmt":"2019-12-27T00:54:00","guid":{"rendered":"https:\/\/www.bios-shop.eu\/?page_id=7595"},"modified":"2019-12-27T03:20:20","modified_gmt":"2019-12-27T02:20:20","slug":"entrega-en-libreria","status":"publish","type":"page","link":"https:\/\/www.bios-shop.eu\/es\/buchhandel-auslieferung\/","title":{"rendered":"Comercio y entrega de libros"},"content":{"rendered":"<h2 class=\"wp-block-heading\">Condiciones para el comercio de libros<\/h2>\n\n\n\n<p>Concedemos al comercio de libros las condiciones habituales del comercio de libros de <strong>30% Descuento en pedidos sencillos<\/strong> (m\u00e1s gastos de env\u00edo). Si al menos cuatro de nuestros libros (con al menos 2 piezas cada uno) se toman en consignaci\u00f3n y <strong>se expondr\u00e1n en la librer\u00eda<\/strong>con mucho gusto <strong>40% Descuento comercial contable<\/strong> en. <\/p>\n\n\n\n<p>Las devoluciones son siempre posibles siempre que los libros est\u00e9n en perfecto estado.<br><\/p>\n\n\n\n<h2 class=\"wp-block-heading\">Entrega DACH<\/h2>\n\n\n\n<p><strong>Entrega en Alemania, Austria y Suiza: <\/strong><br>Artha Book Service \/ Distribuci\u00f3n editorial<br>Persona de contacto: Rolf Mihm<br>Gr\u00fcntenseestr. 42<br>87466 Oy-Mittelberg<br>Alemania<br>Tel\u00e9fono: +49 8361 8031<br>Correo electr\u00f3nico de pedido: <a href=\"mailto:va@artha.de\">va@artha.de<\/a><br><\/p>\n\n\n\n<h2 class=\"wp-block-heading\">Rutas de entrega y gastos de env\u00edo<\/h2>\n\n\n\n<p><strong>Para Alemania y Austria:<\/strong><br>Nuestro servicio de reparto Artha Buchdienst entrega nuestros libros a trav\u00e9s de los carritos de libros de KNV, Libri, Umbreit y Morawa a los precios habituales por kilo. <\/p>\n\n\n\n<p>Como alternativa, tambi\u00e9n ofrecemos la entrega a trav\u00e9s de Correos (DE\/AT), DHL y DPD, en cuyo caso los gastos de env\u00edo correr\u00e1n a cargo de la librer\u00eda en funci\u00f3n de los gastos. \u00c9stos ascienden a unos 4,30 \u20ac en funci\u00f3n del tama\u00f1o del pedido.<\/p>\n\n\n\n<p><strong>Para Suiza:<\/strong><br>Las librer\u00edas de Suiza pueden encargar nuestros libros directamente al Centro Suizo del Libro, al que est\u00e1 afiliado nuestro agente de env\u00edos Artha.<\/p>","protected":false},"excerpt":{"rendered":"<p>Konditionen f\u00fcr den Buchhandel Wir gew\u00e4hren dem Buchhandel die \u00fcblichen Buchhandelskonditionen von 30% Rabatt auf Einzelbestellungen (zzgl. Porto). Wenn mindestens vier unserer B\u00fccher (mit mind. jew. 2 St\u00fcck) auf Kommission genommen werden und in der Auslage der Buchhandlung aufliegen, r\u00e4umen wir gerne 40% Buchhandelsrabatt ein. Remissionen sind bei uns immer m\u00f6glich, solange die B\u00fccher in [&#8230;]\n","protected":false},"author":2,"featured_media":0,"parent":0,"menu_order":0,"comment_status":"closed","ping_status":"closed","template":"","meta":{"_acf_changed":false,"bwfblock_default_font":"","footnotes":""},"class_list":["post-7595","page","type-page","status-publish","hentry"],"acf":[],"_links":{"self":[{"href":"https:\/\/www.bios-shop.eu\/es\/wp-json\/wp\/v2\/pages\/7595","targetHints":{"allow":["GET"]}}],"collection":[{"href":"https:\/\/www.bios-shop.eu\/es\/wp-json\/wp\/v2\/pages"}],"about":[{"href":"https:\/\/www.bios-shop.eu\/es\/wp-json\/wp\/v2\/types\/page"}],"author":[{"embeddable":true,"href":"https:\/\/www.bios-shop.eu\/es\/wp-json\/wp\/v2\/users\/2"}],"replies":[{"embeddable":true,"href":"https:\/\/www.bios-shop.eu\/es\/wp-json\/wp\/v2\/comments?post=7595"}],"version-history":[{"count":0,"href":"https:\/\/www.bios-shop.eu\/es\/wp-json\/wp\/v2\/pages\/7595\/revisions"}],"wp:attachment":[{"href":"https:\/\/www.bios-shop.eu\/es\/wp-json\/wp\/v2\/media?parent=7595"}],"curies":[{"name":"wp","href":"https:\/\/api.w.org\/{rel}","templated":true}]}}