
{"id":8521,"date":"2020-05-17T18:47:42","date_gmt":"2020-05-17T17:47:42","guid":{"rendered":"https:\/\/www.bios-shop.eu\/revoca\/"},"modified":"2020-05-17T18:47:44","modified_gmt":"2020-05-17T17:47:44","slug":"revoca","status":"publish","type":"page","link":"https:\/\/www.bios-shop.eu\/en\/revoca\/","title":{"rendered":"Revoca"},"content":{"rendered":"<p>I consumatori hanno diritto a un diritto di recesso conformemente alle seguenti condizioni, in base alle quali il consumatore \u00e8 una persona fisica che conclude una transazione legale per scopi che non possono essere attribuiti principalmente alla loro attivit\u00e0 professionale commerciale o indipendente:<br\/><\/p>\n\n<h2 class=\"wp-block-heading\">A. Istruzioni di revoca per i consumatori<\/h2>\n\n<h3 class=\"wp-block-heading\">Ritiro<\/h3>\n\n<p>Queste disposizioni si applicano esclusivamente ai clienti che sono consumatori ai ristiglie del KSchG.<\/p>\n\n<p><strong>Concediamo a tutti i nostri clienti provenienti da Austria, Germania, Svizzera, Italia, Francia, Belgio, Lichtenstein e Lussemburgo <\/strong>il diritto di recedere <strong>da questo contratto<\/strong> <strong>entro quattordici giorni senza dare motivi (diritto legale di rimpatrio).<\/strong><\/p>\n\n<p>Il periodo di ritiro \u00e8 di quattordici giorni dal giorno in cui tu o una terza parte da te nominata, che non \u00e8 il vettore, ha preso possesso dell'ultimo bene.<\/p>\n\n<p>Al fine di esercitare il vostro diritto di recesso, \u00e8 necessario informarci (akademie bios - Dott.ssa Ernestina Mazza OG, Bergmanngasse 46\/1\/2, 8010 Graz, Austria, Tel.: n. 43 699 1 777 9 111, e-mail: info@akademiebios.at) della vostra decisione di recedere da questo contratto per mezzo di una dichiarazione chiara (ad es. una lettera inviata via e-mail). \u00c8 possibile utilizzare il modulo di prelievo del modello allegato, ma ci\u00f2 non \u00e8 obbligatorio.<\/p>\n\n<p>Al fine di rispettare il periodo di ritiro, \u00e8 sufficiente inviare la notifica dell'esercizio del diritto di recesso prima della scadenza del periodo di ritiro.<\/p>\n\n<h3 class=\"wp-block-heading\">Conseguenze della revoca<\/h3>\n\n<p>Se ritiri da questo contratto, ti forniremo tutti i pagamenti che abbiamo ricevuto da te, inclusi i costi di spedizione (ad eccezione dei costi aggiuntivi derivanti dalla tua offerta di un tipo di consegna diverso da quello pi\u00f9 economico da noi offerto da noi. consegna standard) senza indugio e al pi\u00f9 tardi entro quattordici giorni dal giorno in cui abbiamo ricevuto la notifica della revoca del presente contratto. Per questo rimborso, utilizzeremo lo stesso mezzo di pagamento che hai utilizzato per la transazione originale, a meno che tu non abbia espressamente concordato diversamente; in nessun caso ti verr\u00e0 addebitato alcun costo per questo rimborso. Possiamo rifiutare il rimborso fino a quando non abbiamo ricevuto la merce indietro o fino a quando non hai fornito la prova che hai restituito la merce, a seconda di quale sia il precedente.<\/p>\n\n<p>Lei ha i beni per noi o per Artha Verlagsauslieferung, Gr\u00e0ntenseestr, immediatamente e comunque non oltre quattordici giorni dal giorno in cui ci informi della revoca di questo contratto. 42, 87466, Oy-Mittelberg \/ Haslach, Germania. Il termine \u00e8 rispettato se si invia la merce prima della scadenza del periodo di quattordici giorni.<\/p>\n\n<p><strong>L'utente deve sostenere i costi regolari del reso se la merce consegnata corrisponde alle merci ordinate, le merci sono state consegnate in perfette condizioni e se il prezzo delle merci da restituire non supera un importo di 40 euro.<\/strong> In caso contrario, il reso \u00e8 gratuito per voi. Vi preghiamo di contattarci in questo caso.<\/p>\n\n<p>Gli obblighi di rimborso dei pagamenti devono essere adempiuti entro 30 giorni. Il periodo inizia per voi con l'invio della vostra dichiarazione di revoca o l'articolo, per noi con la sua ricevuta.<\/p>\n\n<p>Devi pagare per qualsiasi perdita di valore della merce solo se questa perdita di valore \u00e8 dovuta alla gestione delle merci che non \u00e8 necessaria per controllare la natura, le caratteristiche e il funzionamento delle merci.<\/p>\n\n<h3 class=\"wp-block-heading\">Esclusione o interruzione prematura del diritto di recesso<\/h3>\n\n<p>Non esiste alcun diritto di recesso o recesso ai fini del KSchG per giornali, riviste e riviste, nonch\u00e9 in particolare per i contratti per la consegna di registrazioni audio o video in un pacco sigillato, se il sigillo \u00e8 stato rimosso dopo la consegna.<\/p>\n\n<p><strong>Non hai alcun diritto di ritiro quando ti iscrivi a seminari, conferenze e corsi.<\/strong> Se desideri annullare le domande vincolanti per corsi di formazione o corsi, fai riferimento alle nostre condizioni di cancellazione per corsi di formazione, seminari, supervisioni e accompagnamenti individuali nel <a href=\"https:\/\/www.bios-shop.eu\/it\/termini\/\">GtC<\/a>.<\/p>\n\n<p><strong>Il diritto di recesso scade prematuramente in caso di contratti per la consegna di contenuti digitali<\/strong>se abbiamo iniziato a eseguire il contratto dopo aver espressamente concordato che inizieremo l'esecuzione del contratto prima della scadenza del periodo di ritiro e ci hai confermato la tua conoscenza che perderai il tuo diritto di recesso con il tuo consenso all'inizio dell'esecuzione del contratto. <\/p>\n\n<h3 class=\"wp-block-heading\">Note generali<\/h3>\n\n<p>1) Si prega di <strong>evitare danni e contaminazioni delle merci.<\/strong> Si prega di restituire la merce a noi nella loro confezione originale con tutti gli accessori e tutti i componenti di imballaggio. Se necessario, utilizzare un imballaggio esterno protettivo. Se non si dispone pi\u00f9 dell'imballaggio originale, si prega di fornire una protezione sufficiente contro i danni al trasporto con imballaggi appropriati.<br\/>2) <strong>Si prega di non restituire la merce a noi gratuitamente.<\/strong> Se desideri che le spese di spedizione vengano rimborsate da noi, il che \u00e8 possibile solo con un valore di 40 dollari, - o in caso di difetti nella merce, ti preghiamo di comunicarcelo e di fornirci i tuoi dati bancari. Trasferiremo quindi le solite spese di spedizione a voi.<br\/>3) Si prega di notare che i suddetti paragrafi 1-2 non sono un prerequisito per l'efficace esercizio del diritto di recesso.<br\/><br\/><\/p>\n\n<h2 class=\"wp-block-heading\">B. Modulo di prelievo<\/h2>\n\n<p>Se si desidera annullare il contratto, si prega di copiare il testo qui sotto in una e-mail, compilare i campi vuoti, inviarci questa e-mail e inviare la merce in un modulo franked:<\/p>\n\n<p>A<\/p>\n\n<p>bios accademia - Dott.ssa Ernestina Mazza OG<br\/>Bergmanngasse 46\/1\/2<br\/>8010 Graz<br\/>Austria<br\/>E-mail: info@akademiebios.eu<\/p>\n\n<p>I\/noi (-) revocano il contratto da me\/noi per l'acquisto dei seguenti beni<\/p>\n\n<p>_______________________________________________________<\/p>\n\n<p>_______________________________________________________<\/p>\n\n<p>Ordinato il \/ \u201a____________________________________________________________________________________________________________________________________________________________________<\/p>\n\n<p>________________________________________________________<br\/>Nome del\/dei consumatore\/i<\/p>\n\n<p>________________________________________________________<br\/>Indirizzo del\/dei consumatore\/i<\/p>\n\n<p>________________________________________________________<br\/>Company del\/i consumatore\/i (solo in caso di comunicazione su carta)<\/p>\n\n<p>_________________________<br\/>Data<\/p>\n\n<p>(*) Eliminazione imprecisa<\/p>","protected":false},"excerpt":{"rendered":"<p>I consumatori hanno diritto a un diritto di recesso conformemente alle seguenti condizioni, in base alle quali il consumatore \u00e8 una persona fisica che conclude una transazione legale per scopi che non possono essere attribuiti principalmente alla loro attivit\u00e0 professionale commerciale o indipendente: A. Istruzioni di revoca per i consumatori Ritiro Queste disposizioni si applicano [&#8230;]\n","protected":false},"author":1,"featured_media":0,"parent":0,"menu_order":0,"comment_status":"closed","ping_status":"closed","template":"","meta":{"_acf_changed":false,"bwfblock_default_font":"","footnotes":""},"class_list":["post-8521","page","type-page","status-publish","hentry"],"acf":[],"_links":{"self":[{"href":"https:\/\/www.bios-shop.eu\/en\/wp-json\/wp\/v2\/pages\/8521","targetHints":{"allow":["GET"]}}],"collection":[{"href":"https:\/\/www.bios-shop.eu\/en\/wp-json\/wp\/v2\/pages"}],"about":[{"href":"https:\/\/www.bios-shop.eu\/en\/wp-json\/wp\/v2\/types\/page"}],"author":[{"embeddable":true,"href":"https:\/\/www.bios-shop.eu\/en\/wp-json\/wp\/v2\/users\/1"}],"replies":[{"embeddable":true,"href":"https:\/\/www.bios-shop.eu\/en\/wp-json\/wp\/v2\/comments?post=8521"}],"version-history":[{"count":0,"href":"https:\/\/www.bios-shop.eu\/en\/wp-json\/wp\/v2\/pages\/8521\/revisions"}],"wp:attachment":[{"href":"https:\/\/www.bios-shop.eu\/en\/wp-json\/wp\/v2\/media?parent=8521"}],"curies":[{"name":"wp","href":"https:\/\/api.w.org\/{rel}","templated":true}]}}